{"id":16,"date":"2023-11-21T11:45:05","date_gmt":"2023-11-21T11:45:05","guid":{"rendered":"https:\/\/web4.rkinformatika.net\/alluitzabogados\/?page_id=16"},"modified":"2023-12-12T09:27:57","modified_gmt":"2023-12-12T09:27:57","slug":"la-firma","status":"publish","type":"page","link":"https:\/\/alluitzabogados.com\/eu\/la-firma\/","title":{"rendered":"Entitatea"},"content":{"rendered":"<div data-elementor-type=\"wp-page\" data-elementor-id=\"16\" class=\"elementor elementor-16\" data-elementor-post-type=\"page\">\n\t\t\t\t\t\t<section class=\"elementor-section elementor-top-section elementor-element elementor-element-9511f40 elementor-section-boxed elementor-section-height-default elementor-section-height-default\" data-id=\"9511f40\" data-element_type=\"section\" data-e-type=\"section\" data-settings=\"{&quot;background_background&quot;:&quot;classic&quot;}\">\n\t\t\t\t\t\t\t<div class=\"elementor-background-overlay\"><\/div>\n\t\t\t\t\t\t\t<div class=\"elementor-container elementor-column-gap-default\">\n\t\t\t\t\t<div class=\"elementor-column elementor-col-100 elementor-top-column elementor-element elementor-element-531b78a\" data-id=\"531b78a\" data-element_type=\"column\" data-e-type=\"column\">\n\t\t\t<div class=\"elementor-widget-wrap elementor-element-populated\">\n\t\t\t\t\t\t<div class=\"elementor-element elementor-element-9b2d2eb elementor-invisible elementor-widget elementor-widget-elementskit-heading\" data-id=\"9b2d2eb\" data-element_type=\"widget\" data-e-type=\"widget\" data-settings=\"{&quot;_animation&quot;:&quot;fadeInUp&quot;}\" data-widget_type=\"elementskit-heading.default\">\n\t\t\t\t<div class=\"elementor-widget-container\">\n\t\t\t\t\t<div class=\"ekit-wid-con\" ><div class=\"ekit-heading elementskit-section-title-wraper text_center   ekit_heading_tablet-   ekit_heading_mobile-\"><h1 class=\"ekit-heading--title elementskit-section-title\">La Firma<\/h1><\/div><\/div>\t\t\t\t<\/div>\n\t\t\t\t<\/div>\n\t\t\t\t\t<\/div>\n\t\t<\/div>\n\t\t\t\t\t<\/div>\n\t\t<\/section>\n\t\t\t\t<section class=\"elementor-section elementor-top-section elementor-element elementor-element-7f07e70a elementor-section-boxed elementor-section-height-default elementor-section-height-default\" data-id=\"7f07e70a\" data-element_type=\"section\" data-e-type=\"section\">\n\t\t\t\t\t\t<div class=\"elementor-container elementor-column-gap-default\">\n\t\t\t\t\t<div class=\"elementor-column elementor-col-100 elementor-top-column elementor-element elementor-element-e214e6d\" data-id=\"e214e6d\" data-element_type=\"column\" data-e-type=\"column\">\n\t\t\t<div class=\"elementor-widget-wrap elementor-element-populated\">\n\t\t\t\t\t\t<div class=\"elementor-element elementor-element-6f88d6e elementor-widget__width-initial elementor-widget elementor-widget-elementskit-heading\" data-id=\"6f88d6e\" data-element_type=\"widget\" data-e-type=\"widget\" data-widget_type=\"elementskit-heading.default\">\n\t\t\t\t<div class=\"elementor-widget-container\">\n\t\t\t\t\t<div class=\"ekit-wid-con\" ><div class=\"ekit-heading elementskit-section-title-wraper text_center   ekit_heading_tablet-   ekit_heading_mobile-\"><h2 class=\"ekit-heading--title elementskit-section-title\">Nuestra mayor gloria no se basa en no haber fracasado nunca, sino en habernos levantado cada vez que ca\u00edmos.<\/h2><\/div><\/div>\t\t\t\t<\/div>\n\t\t\t\t<\/div>\n\t\t\t\t<div class=\"elementor-element elementor-element-38f7dd6 elementor-widget-divider--view-line elementor-widget elementor-widget-divider\" data-id=\"38f7dd6\" data-element_type=\"widget\" data-e-type=\"widget\" data-widget_type=\"divider.default\">\n\t\t\t\t<div class=\"elementor-widget-container\">\n\t\t\t\t\t\t\t<div class=\"elementor-divider\">\n\t\t\t<span class=\"elementor-divider-separator\">\n\t\t\t\t\t\t<\/span>\n\t\t<\/div>\n\t\t\t\t\t\t<\/div>\n\t\t\t\t<\/div>\n\t\t\t\t\t<\/div>\n\t\t<\/div>\n\t\t\t\t\t<\/div>\n\t\t<\/section>\n\t\t\t\t<section class=\"elementor-section elementor-top-section elementor-element elementor-element-35d194c elementor-section-boxed elementor-section-height-default elementor-section-height-default\" data-id=\"35d194c\" data-element_type=\"section\" data-e-type=\"section\">\n\t\t\t\t\t\t<div class=\"elementor-container elementor-column-gap-default\">\n\t\t\t\t\t<div class=\"elementor-column elementor-col-50 elementor-top-column elementor-element elementor-element-401ac2f elementor-invisible\" data-id=\"401ac2f\" data-element_type=\"column\" data-e-type=\"column\" data-settings=\"{&quot;animation&quot;:&quot;fadeIn&quot;}\">\n\t\t\t<div class=\"elementor-widget-wrap elementor-element-populated\">\n\t\t\t\t\t<div class=\"elementor-background-overlay\"><\/div>\n\t\t\t\t\t\t<section class=\"elementor-section elementor-inner-section elementor-element elementor-element-35bf573 elementor-section-boxed elementor-section-height-default elementor-section-height-default\" data-id=\"35bf573\" data-element_type=\"section\" data-e-type=\"section\">\n\t\t\t\t\t\t<div class=\"elementor-container elementor-column-gap-default\">\n\t\t\t\t\t<div class=\"elementor-column elementor-col-100 elementor-inner-column elementor-element elementor-element-fab0154\" data-id=\"fab0154\" data-element_type=\"column\" data-e-type=\"column\">\n\t\t\t<div class=\"elementor-widget-wrap elementor-element-populated\">\n\t\t\t\t\t\t<div class=\"elementor-element elementor-element-5c50ce7a elementor-widget elementor-widget-text-editor\" data-id=\"5c50ce7a\" data-element_type=\"widget\" data-e-type=\"widget\" data-widget_type=\"text-editor.default\">\n\t\t\t\t<div class=\"elementor-widget-container\">\n\t\t\t\t\t\t\t\t\t<p>Vivimos tan deprisa que a menudo no nos da tiempo a apreciar los momentos tan especiales que nos ocurren en el d\u00eda a d\u00eda y que por peque\u00f1os que sean, lo hacen diferente. Muchas veces no se trata de vencer sino de luchar, no se trata de ser sino de estar.<\/p>\n<p>Y ah\u00ed est\u00e1 nuestro reto, trabajar cada d\u00eda para que esas ilusiones no se difuminen y se conviertan en marcas indelebles donde el esfuerzo, el tes\u00f3n y la constancia se conviertan en los principales v\u00e9rtices de nuestra identidad.<\/p>\n<p>En una sociedad donde impera el \u00e9xito r\u00e1pido y ef\u00edmero, nosotros ofrecemos una nueva visi\u00f3n dominada por la perseverancia, la ilusi\u00f3n y sobre todo el anhelo de emprender. Por este motivo, y parafraseando a Alfonso Alc\u00e1ntara, no somos los mejores, somos los adecuados.<\/p>\t\t\t\t\t\t\t\t<\/div>\n\t\t\t\t<\/div>\n\t\t\t\t\t<\/div>\n\t\t<\/div>\n\t\t\t\t\t<\/div>\n\t\t<\/section>\n\t\t\t\t\t<\/div>\n\t\t<\/div>\n\t\t\t\t<div class=\"elementor-column elementor-col-50 elementor-top-column elementor-element elementor-element-decd40f elementor-invisible\" data-id=\"decd40f\" data-element_type=\"column\" data-e-type=\"column\" data-settings=\"{&quot;animation&quot;:&quot;fadeIn&quot;,&quot;animation_delay&quot;:500}\">\n\t\t\t<div class=\"elementor-widget-wrap elementor-element-populated\">\n\t\t\t\t\t<div class=\"elementor-background-overlay\"><\/div>\n\t\t\t\t\t\t<section class=\"elementor-section elementor-inner-section elementor-element elementor-element-2142746d elementor-section-boxed elementor-section-height-default elementor-section-height-default\" data-id=\"2142746d\" data-element_type=\"section\" data-e-type=\"section\">\n\t\t\t\t\t\t<div class=\"elementor-container elementor-column-gap-default\">\n\t\t\t\t\t<div class=\"elementor-column elementor-col-100 elementor-inner-column elementor-element elementor-element-4fe6a392 elementor-invisible\" data-id=\"4fe6a392\" data-element_type=\"column\" data-e-type=\"column\" data-settings=\"{&quot;background_background&quot;:&quot;classic&quot;,&quot;animation&quot;:&quot;fadeIn&quot;}\">\n\t\t\t<div class=\"elementor-widget-wrap elementor-element-populated\">\n\t\t\t\t\t<div class=\"elementor-background-overlay\"><\/div>\n\t\t\t\t\t\t<div class=\"elementor-element elementor-element-7a12c811 elementor-widget elementor-widget-spacer\" data-id=\"7a12c811\" data-element_type=\"widget\" data-e-type=\"widget\" data-widget_type=\"spacer.default\">\n\t\t\t\t<div class=\"elementor-widget-container\">\n\t\t\t\t\t\t\t<div class=\"elementor-spacer\">\n\t\t\t<div class=\"elementor-spacer-inner\"><\/div>\n\t\t<\/div>\n\t\t\t\t\t\t<\/div>\n\t\t\t\t<\/div>\n\t\t\t\t\t<\/div>\n\t\t<\/div>\n\t\t\t\t\t<\/div>\n\t\t<\/section>\n\t\t\t\t\t<\/div>\n\t\t<\/div>\n\t\t\t\t\t<\/div>\n\t\t<\/section>\n\t\t<div class=\"elementor-element elementor-element-f4d6cce e-flex e-con-boxed e-con e-parent\" data-id=\"f4d6cce\" data-element_type=\"container\" data-e-type=\"container\">\n\t\t\t\t\t<div class=\"e-con-inner\">\n\t\t\t\t<div class=\"elementor-element elementor-element-dfcd34a elementor-widget elementor-widget-text-editor\" data-id=\"dfcd34a\" data-element_type=\"widget\" data-e-type=\"widget\" data-widget_type=\"text-editor.default\">\n\t\t\t\t<div class=\"elementor-widget-container\">\n\t\t\t\t\t\t\t\t\t<p><strong>Alluitz Abokatuak<\/strong> nace con la impronta de fusionar el mundo de las leyes con los nuevos retos que necesita nuestra sociedad. En este despacho de abogados, en el coraz\u00f3n del Duranguesado, ofrecemos una nueva forma de entender el Derecho donde su fuerza se transforme en un gran reto donde el trabajo en equipo y la cercan\u00eda con nuestros clientes se conviertan en nuestros pilares fundamentales. A la vez, emprendemos una nueva l\u00ednea de asesoramiento respondiendo a todas las necesidades que imperan en nuestro tejido empresarial como la Propiedad Intelectual a trav\u00e9s de la LOPD, una nueva manera de rescatar el valor de la privacidad para nuestro mercado absorbido por la cultura de la propia imagen y las nuevas tecnolog\u00edas.<\/p>\t\t\t\t\t\t\t\t<\/div>\n\t\t\t\t<\/div>\n\t\t\t\t\t<\/div>\n\t\t\t\t<\/div>\n\t\t\t\t<\/div>","protected":false},"excerpt":{"rendered":"<p>La Firma Nuestra mayor gloria no se basa en no haber fracasado nunca, sino en habernos levantado cada vez que ca\u00edmos. Vivimos tan deprisa que a menudo no nos da tiempo a apreciar los momentos tan especiales que nos ocurren en el d\u00eda a d\u00eda y que por peque\u00f1os que sean, lo hacen diferente. Muchas [&hellip;]<\/p>\n","protected":false},"author":1,"featured_media":7,"parent":0,"menu_order":0,"comment_status":"closed","ping_status":"closed","template":"elementor_canvas","meta":{"footnotes":""},"class_list":["post-16","page","type-page","status-publish","has-post-thumbnail","hentry"],"yoast_head":"<!-- This site is optimized with the Yoast SEO plugin v27.3 - https:\/\/yoast.com\/product\/yoast-seo-wordpress\/ -->\n<title>La firma - Alluitz Abokatuak<\/title>\n<meta name=\"robots\" content=\"index, follow, max-snippet:-1, max-image-preview:large, max-video-preview:-1\" \/>\n<link rel=\"canonical\" href=\"https:\/\/alluitzabogados.com\/eu\/la-firma\/\" \/>\n<meta property=\"og:locale\" content=\"en_US\" \/>\n<meta property=\"og:type\" content=\"article\" \/>\n<meta property=\"og:title\" content=\"La firma - Alluitz Abokatuak\" \/>\n<meta property=\"og:description\" content=\"La Firma Nuestra mayor gloria no se basa en no haber fracasado nunca, sino en habernos levantado cada vez que ca\u00edmos. Vivimos tan deprisa que a menudo no nos da tiempo a apreciar los momentos tan especiales que nos ocurren en el d\u00eda a d\u00eda y que por peque\u00f1os que sean, lo hacen diferente. Muchas [&hellip;]\" \/>\n<meta property=\"og:url\" content=\"https:\/\/alluitzabogados.com\/eu\/la-firma\/\" \/>\n<meta property=\"og:site_name\" content=\"Alluitz Abokatuak\" \/>\n<meta property=\"article:modified_time\" content=\"2023-12-12T09:27:57+00:00\" \/>\n<meta property=\"og:image\" content=\"https:\/\/alluitzabogados.com\/wp-content\/uploads\/2023\/11\/Captura-de-pantalla-2015-04-24-a-las-14.06.06-Raul-Hernandez.png\" \/>\n\t<meta property=\"og:image:width\" content=\"1629\" \/>\n\t<meta property=\"og:image:height\" content=\"468\" \/>\n\t<meta property=\"og:image:type\" content=\"image\/png\" \/>\n<meta name=\"twitter:card\" content=\"summary_large_image\" \/>\n<meta name=\"twitter:label1\" content=\"Est. reading time\" \/>\n\t<meta name=\"twitter:data1\" content=\"2 minutua\" \/>\n<script type=\"application\/ld+json\" class=\"yoast-schema-graph\">{\"@context\":\"https:\\\/\\\/schema.org\",\"@graph\":[{\"@type\":\"WebPage\",\"@id\":\"https:\\\/\\\/alluitzabogados.com\\\/la-firma\\\/\",\"url\":\"https:\\\/\\\/alluitzabogados.com\\\/la-firma\\\/\",\"name\":\"La firma - Alluitz Abokatuak\",\"isPartOf\":{\"@id\":\"https:\\\/\\\/alluitzabogados.com\\\/#website\"},\"primaryImageOfPage\":{\"@id\":\"https:\\\/\\\/alluitzabogados.com\\\/la-firma\\\/#primaryimage\"},\"image\":{\"@id\":\"https:\\\/\\\/alluitzabogados.com\\\/la-firma\\\/#primaryimage\"},\"thumbnailUrl\":\"https:\\\/\\\/alluitzabogados.com\\\/wp-content\\\/uploads\\\/2023\\\/11\\\/Captura-de-pantalla-2015-04-24-a-las-14.06.06-Raul-Hernandez.png\",\"datePublished\":\"2023-11-21T11:45:05+00:00\",\"dateModified\":\"2023-12-12T09:27:57+00:00\",\"breadcrumb\":{\"@id\":\"https:\\\/\\\/alluitzabogados.com\\\/la-firma\\\/#breadcrumb\"},\"inLanguage\":\"eu\",\"potentialAction\":[{\"@type\":\"ReadAction\",\"target\":[\"https:\\\/\\\/alluitzabogados.com\\\/la-firma\\\/\"]}]},{\"@type\":\"ImageObject\",\"inLanguage\":\"eu\",\"@id\":\"https:\\\/\\\/alluitzabogados.com\\\/la-firma\\\/#primaryimage\",\"url\":\"https:\\\/\\\/alluitzabogados.com\\\/wp-content\\\/uploads\\\/2023\\\/11\\\/Captura-de-pantalla-2015-04-24-a-las-14.06.06-Raul-Hernandez.png\",\"contentUrl\":\"https:\\\/\\\/alluitzabogados.com\\\/wp-content\\\/uploads\\\/2023\\\/11\\\/Captura-de-pantalla-2015-04-24-a-las-14.06.06-Raul-Hernandez.png\",\"width\":1629,\"height\":468},{\"@type\":\"BreadcrumbList\",\"@id\":\"https:\\\/\\\/alluitzabogados.com\\\/la-firma\\\/#breadcrumb\",\"itemListElement\":[{\"@type\":\"ListItem\",\"position\":1,\"name\":\"Portada\",\"item\":\"https:\\\/\\\/alluitzabogados.com\\\/\"},{\"@type\":\"ListItem\",\"position\":2,\"name\":\"La firma\"}]},{\"@type\":\"WebSite\",\"@id\":\"https:\\\/\\\/alluitzabogados.com\\\/#website\",\"url\":\"https:\\\/\\\/alluitzabogados.com\\\/\",\"name\":\"Alluitz Abokatuak\",\"description\":\"\",\"publisher\":{\"@id\":\"https:\\\/\\\/alluitzabogados.com\\\/#organization\"},\"potentialAction\":[{\"@type\":\"SearchAction\",\"target\":{\"@type\":\"EntryPoint\",\"urlTemplate\":\"https:\\\/\\\/alluitzabogados.com\\\/?s={search_term_string}\"},\"query-input\":{\"@type\":\"PropertyValueSpecification\",\"valueRequired\":true,\"valueName\":\"search_term_string\"}}],\"inLanguage\":\"eu\"},{\"@type\":\"Organization\",\"@id\":\"https:\\\/\\\/alluitzabogados.com\\\/#organization\",\"name\":\"Alluitz Abokatuak\",\"url\":\"https:\\\/\\\/alluitzabogados.com\\\/\",\"logo\":{\"@type\":\"ImageObject\",\"inLanguage\":\"eu\",\"@id\":\"https:\\\/\\\/alluitzabogados.com\\\/#\\\/schema\\\/logo\\\/image\\\/\",\"url\":\"https:\\\/\\\/alluitzabogados.com\\\/wp-content\\\/uploads\\\/2023\\\/11\\\/Captura-de-pantalla-2015-04-24-a-las-14.06.06-Raul-Hernandez.png\",\"contentUrl\":\"https:\\\/\\\/alluitzabogados.com\\\/wp-content\\\/uploads\\\/2023\\\/11\\\/Captura-de-pantalla-2015-04-24-a-las-14.06.06-Raul-Hernandez.png\",\"width\":1629,\"height\":468,\"caption\":\"Alluitz Abokatuak\"},\"image\":{\"@id\":\"https:\\\/\\\/alluitzabogados.com\\\/#\\\/schema\\\/logo\\\/image\\\/\"}}]}<\/script>\n<!-- \/ Yoast SEO plugin. -->","yoast_head_json":{"title":"La firma - Alluitz Abokatuak","robots":{"index":"index","follow":"follow","max-snippet":"max-snippet:-1","max-image-preview":"max-image-preview:large","max-video-preview":"max-video-preview:-1"},"canonical":"https:\/\/alluitzabogados.com\/eu\/la-firma\/","og_locale":"en_US","og_type":"article","og_title":"La firma - Alluitz Abokatuak","og_description":"La Firma Nuestra mayor gloria no se basa en no haber fracasado nunca, sino en habernos levantado cada vez que ca\u00edmos. Vivimos tan deprisa que a menudo no nos da tiempo a apreciar los momentos tan especiales que nos ocurren en el d\u00eda a d\u00eda y que por peque\u00f1os que sean, lo hacen diferente. Muchas [&hellip;]","og_url":"https:\/\/alluitzabogados.com\/eu\/la-firma\/","og_site_name":"Alluitz Abokatuak","article_modified_time":"2023-12-12T09:27:57+00:00","og_image":[{"width":1629,"height":468,"url":"https:\/\/alluitzabogados.com\/wp-content\/uploads\/2023\/11\/Captura-de-pantalla-2015-04-24-a-las-14.06.06-Raul-Hernandez.png","type":"image\/png"}],"twitter_card":"summary_large_image","twitter_misc":{"Est. reading time":"2 minutua"},"schema":{"@context":"https:\/\/schema.org","@graph":[{"@type":"WebPage","@id":"https:\/\/alluitzabogados.com\/la-firma\/","url":"https:\/\/alluitzabogados.com\/la-firma\/","name":"La firma - Alluitz Abokatuak","isPartOf":{"@id":"https:\/\/alluitzabogados.com\/#website"},"primaryImageOfPage":{"@id":"https:\/\/alluitzabogados.com\/la-firma\/#primaryimage"},"image":{"@id":"https:\/\/alluitzabogados.com\/la-firma\/#primaryimage"},"thumbnailUrl":"https:\/\/alluitzabogados.com\/wp-content\/uploads\/2023\/11\/Captura-de-pantalla-2015-04-24-a-las-14.06.06-Raul-Hernandez.png","datePublished":"2023-11-21T11:45:05+00:00","dateModified":"2023-12-12T09:27:57+00:00","breadcrumb":{"@id":"https:\/\/alluitzabogados.com\/la-firma\/#breadcrumb"},"inLanguage":"eu","potentialAction":[{"@type":"ReadAction","target":["https:\/\/alluitzabogados.com\/la-firma\/"]}]},{"@type":"ImageObject","inLanguage":"eu","@id":"https:\/\/alluitzabogados.com\/la-firma\/#primaryimage","url":"https:\/\/alluitzabogados.com\/wp-content\/uploads\/2023\/11\/Captura-de-pantalla-2015-04-24-a-las-14.06.06-Raul-Hernandez.png","contentUrl":"https:\/\/alluitzabogados.com\/wp-content\/uploads\/2023\/11\/Captura-de-pantalla-2015-04-24-a-las-14.06.06-Raul-Hernandez.png","width":1629,"height":468},{"@type":"BreadcrumbList","@id":"https:\/\/alluitzabogados.com\/la-firma\/#breadcrumb","itemListElement":[{"@type":"ListItem","position":1,"name":"Portada","item":"https:\/\/alluitzabogados.com\/"},{"@type":"ListItem","position":2,"name":"La firma"}]},{"@type":"WebSite","@id":"https:\/\/alluitzabogados.com\/#website","url":"https:\/\/alluitzabogados.com\/","name":"Alluitz Abokatuak","description":"","publisher":{"@id":"https:\/\/alluitzabogados.com\/#organization"},"potentialAction":[{"@type":"SearchAction","target":{"@type":"EntryPoint","urlTemplate":"https:\/\/alluitzabogados.com\/?s={search_term_string}"},"query-input":{"@type":"PropertyValueSpecification","valueRequired":true,"valueName":"search_term_string"}}],"inLanguage":"eu"},{"@type":"Organization","@id":"https:\/\/alluitzabogados.com\/#organization","name":"Alluitz Abokatuak","url":"https:\/\/alluitzabogados.com\/","logo":{"@type":"ImageObject","inLanguage":"eu","@id":"https:\/\/alluitzabogados.com\/#\/schema\/logo\/image\/","url":"https:\/\/alluitzabogados.com\/wp-content\/uploads\/2023\/11\/Captura-de-pantalla-2015-04-24-a-las-14.06.06-Raul-Hernandez.png","contentUrl":"https:\/\/alluitzabogados.com\/wp-content\/uploads\/2023\/11\/Captura-de-pantalla-2015-04-24-a-las-14.06.06-Raul-Hernandez.png","width":1629,"height":468,"caption":"Alluitz Abokatuak"},"image":{"@id":"https:\/\/alluitzabogados.com\/#\/schema\/logo\/image\/"}}]}},"_links":{"self":[{"href":"https:\/\/alluitzabogados.com\/eu\/wp-json\/wp\/v2\/pages\/16","targetHints":{"allow":["GET"]}}],"collection":[{"href":"https:\/\/alluitzabogados.com\/eu\/wp-json\/wp\/v2\/pages"}],"about":[{"href":"https:\/\/alluitzabogados.com\/eu\/wp-json\/wp\/v2\/types\/page"}],"author":[{"embeddable":true,"href":"https:\/\/alluitzabogados.com\/eu\/wp-json\/wp\/v2\/users\/1"}],"replies":[{"embeddable":true,"href":"https:\/\/alluitzabogados.com\/eu\/wp-json\/wp\/v2\/comments?post=16"}],"version-history":[{"count":40,"href":"https:\/\/alluitzabogados.com\/eu\/wp-json\/wp\/v2\/pages\/16\/revisions"}],"predecessor-version":[{"id":949,"href":"https:\/\/alluitzabogados.com\/eu\/wp-json\/wp\/v2\/pages\/16\/revisions\/949"}],"wp:featuredmedia":[{"embeddable":true,"href":"https:\/\/alluitzabogados.com\/eu\/wp-json\/wp\/v2\/media\/7"}],"wp:attachment":[{"href":"https:\/\/alluitzabogados.com\/eu\/wp-json\/wp\/v2\/media?parent=16"}],"curies":[{"name":"wp","href":"https:\/\/api.w.org\/{rel}","templated":true}]}}