{"id":17,"date":"2023-11-21T11:45:51","date_gmt":"2023-11-21T11:45:51","guid":{"rendered":"https:\/\/web4.rkinformatika.net\/alluitzabogados\/?page_id=17"},"modified":"2023-12-12T09:26:57","modified_gmt":"2023-12-12T09:26:57","slug":"areas-de-actividad","status":"publish","type":"page","link":"https:\/\/alluitzabogados.com\/eu\/areas-de-actividad\/","title":{"rendered":"Jarduera-eremuak"},"content":{"rendered":"<div data-elementor-type=\"wp-page\" data-elementor-id=\"17\" class=\"elementor elementor-17\" data-elementor-post-type=\"page\">\n\t\t\t\t\t\t<section class=\"elementor-section elementor-top-section elementor-element elementor-element-bba786b elementor-section-boxed elementor-section-height-default elementor-section-height-default\" data-id=\"bba786b\" data-element_type=\"section\" data-e-type=\"section\" data-settings=\"{&quot;background_background&quot;:&quot;classic&quot;}\">\n\t\t\t\t\t\t\t<div class=\"elementor-background-overlay\"><\/div>\n\t\t\t\t\t\t\t<div class=\"elementor-container elementor-column-gap-default\">\n\t\t\t\t\t<div class=\"elementor-column elementor-col-100 elementor-top-column elementor-element elementor-element-308b8f8\" data-id=\"308b8f8\" data-element_type=\"column\" data-e-type=\"column\">\n\t\t\t<div class=\"elementor-widget-wrap elementor-element-populated\">\n\t\t\t\t\t\t<div class=\"elementor-element elementor-element-54d54bb elementor-invisible elementor-widget elementor-widget-elementskit-heading\" data-id=\"54d54bb\" data-element_type=\"widget\" data-e-type=\"widget\" data-settings=\"{&quot;_animation&quot;:&quot;fadeInUp&quot;}\" data-widget_type=\"elementskit-heading.default\">\n\t\t\t\t<div class=\"elementor-widget-container\">\n\t\t\t\t\t<div class=\"ekit-wid-con\" ><div class=\"ekit-heading elementskit-section-title-wraper text_center   ekit_heading_tablet-   ekit_heading_mobile-\"><h1 class=\"ekit-heading--title elementskit-section-title\">\u00c1reas De Actividad<\/h1><\/div><\/div>\t\t\t\t<\/div>\n\t\t\t\t<\/div>\n\t\t\t\t\t<\/div>\n\t\t<\/div>\n\t\t\t\t\t<\/div>\n\t\t<\/section>\n\t\t\t\t<section class=\"elementor-section elementor-top-section elementor-element elementor-element-521586a elementor-section-boxed elementor-section-height-default elementor-section-height-default\" data-id=\"521586a\" data-element_type=\"section\" data-e-type=\"section\">\n\t\t\t\t\t\t<div class=\"elementor-container elementor-column-gap-default\">\n\t\t\t\t\t<div class=\"elementor-column elementor-col-50 elementor-top-column elementor-element elementor-element-957715a elementor-invisible\" data-id=\"957715a\" data-element_type=\"column\" data-e-type=\"column\" data-settings=\"{&quot;background_background&quot;:&quot;classic&quot;,&quot;animation&quot;:&quot;fadeInUp&quot;}\">\n\t\t\t<div class=\"elementor-widget-wrap elementor-element-populated\">\n\t\t\t\t\t\t<div class=\"elementor-element elementor-element-c5c006c elementor-position-top elementor-widget elementor-widget-image-box\" data-id=\"c5c006c\" data-element_type=\"widget\" data-e-type=\"widget\" data-widget_type=\"image-box.default\">\n\t\t\t\t<div class=\"elementor-widget-container\">\n\t\t\t\t\t<div class=\"elementor-image-box-wrapper\"><figure class=\"elementor-image-box-img\"><a href=\"#\" tabindex=\"-1\"><img decoding=\"async\" width=\"100\" height=\"80\" src=\"https:\/\/alluitzabogados.com\/wp-content\/uploads\/2023\/11\/AlluitzAbogados.png\" class=\"elementor-animation-bob attachment-full size-full wp-image-357\" alt=\"\" srcset=\"https:\/\/alluitzabogados.com\/wp-content\/uploads\/2023\/11\/AlluitzAbogados.png 100w, https:\/\/alluitzabogados.com\/wp-content\/uploads\/2023\/11\/AlluitzAbogados-15x12.png 15w\" sizes=\"(max-width: 100px) 100vw, 100px\" \/><\/a><\/figure><\/div>\t\t\t\t<\/div>\n\t\t\t\t<\/div>\n\t\t\t\t<div class=\"elementor-element elementor-element-aee0c0d elementor-align-center elementor-widget elementor-widget-button\" data-id=\"aee0c0d\" data-element_type=\"widget\" data-e-type=\"widget\" data-widget_type=\"button.default\">\n\t\t\t\t<div class=\"elementor-widget-container\">\n\t\t\t\t\t\t\t\t\t<div class=\"elementor-button-wrapper\">\n\t\t\t\t\t<a class=\"elementor-button elementor-button-link elementor-size-sm\" href=\"https:\/\/alluitzabogados.com\/eu\/areas-de-especializacion\/\">\n\t\t\t\t\t\t<span class=\"elementor-button-content-wrapper\">\n\t\t\t\t\t\t\t\t\t<span class=\"elementor-button-text\">ALLUITZ ABOKATUAK<\/span>\n\t\t\t\t\t<\/span>\n\t\t\t\t\t<\/a>\n\t\t\t\t<\/div>\n\t\t\t\t\t\t\t\t<\/div>\n\t\t\t\t<\/div>\n\t\t\t\t<div class=\"elementor-element elementor-element-105661d elementor-widget__width-initial elementor-widget elementor-widget-text-editor\" data-id=\"105661d\" data-element_type=\"widget\" data-e-type=\"widget\" data-widget_type=\"text-editor.default\">\n\t\t\t\t<div class=\"elementor-widget-container\">\n\t\t\t\t\t\t\t\t\t<p>Zuzenbide Prebentiboa deitu dioguna sustatzera bideratutako zerbitzu juridikoa.<\/p>\t\t\t\t\t\t\t\t<\/div>\n\t\t\t\t<\/div>\n\t\t\t\t\t<\/div>\n\t\t<\/div>\n\t\t\t\t<div class=\"elementor-column elementor-col-50 elementor-top-column elementor-element elementor-element-fa8d517 elementor-invisible\" data-id=\"fa8d517\" data-element_type=\"column\" data-e-type=\"column\" data-settings=\"{&quot;background_background&quot;:&quot;classic&quot;,&quot;animation&quot;:&quot;fadeInUp&quot;}\">\n\t\t\t<div class=\"elementor-widget-wrap elementor-element-populated\">\n\t\t\t\t\t\t<div class=\"elementor-element elementor-element-564efef elementor-position-top elementor-widget elementor-widget-image-box\" data-id=\"564efef\" data-element_type=\"widget\" data-e-type=\"widget\" data-widget_type=\"image-box.default\">\n\t\t\t\t<div class=\"elementor-widget-container\">\n\t\t\t\t\t<div class=\"elementor-image-box-wrapper\"><figure class=\"elementor-image-box-img\"><a href=\"https:\/\/alluitzabogados.com\/eu\/alluitz-consulting\/\" tabindex=\"-1\"><img decoding=\"async\" width=\"100\" height=\"80\" src=\"https:\/\/alluitzabogados.com\/wp-content\/uploads\/2023\/11\/IconoConsultores.jpg\" class=\"elementor-animation-bob attachment-full size-full wp-image-358\" alt=\"\" srcset=\"https:\/\/alluitzabogados.com\/wp-content\/uploads\/2023\/11\/IconoConsultores.jpg 100w, https:\/\/alluitzabogados.com\/wp-content\/uploads\/2023\/11\/IconoConsultores-15x12.jpg 15w\" sizes=\"(max-width: 100px) 100vw, 100px\" \/><\/a><\/figure><\/div>\t\t\t\t<\/div>\n\t\t\t\t<\/div>\n\t\t\t\t<div class=\"elementor-element elementor-element-0e09dfc elementor-align-center elementor-widget elementor-widget-button\" data-id=\"0e09dfc\" data-element_type=\"widget\" data-e-type=\"widget\" data-widget_type=\"button.default\">\n\t\t\t\t<div class=\"elementor-widget-container\">\n\t\t\t\t\t\t\t\t\t<div class=\"elementor-button-wrapper\">\n\t\t\t\t\t<a class=\"elementor-button elementor-button-link elementor-size-sm\" href=\"https:\/\/alluitzabogados.com\/eu\/alluitz-consulting\/\">\n\t\t\t\t\t\t<span class=\"elementor-button-content-wrapper\">\n\t\t\t\t\t\t\t\t\t<span class=\"elementor-button-text\">ALLUITZ CONSULTING<\/span>\n\t\t\t\t\t<\/span>\n\t\t\t\t\t<\/a>\n\t\t\t\t<\/div>\n\t\t\t\t\t\t\t\t<\/div>\n\t\t\t\t<\/div>\n\t\t\t\t<div class=\"elementor-element elementor-element-cd8cd27 elementor-widget__width-initial elementor-widget elementor-widget-text-editor\" data-id=\"cd8cd27\" data-element_type=\"widget\" data-e-type=\"widget\" data-widget_type=\"text-editor.default\">\n\t\t\t\t<div class=\"elementor-widget-container\">\n\t\t\t\t\t\t\t\t\t<p>Enpresa-aholkularitzako, prestakuntza-aholkularitzako eta teknologia berrietako zerbitzuak.<\/p>\t\t\t\t\t\t\t\t<\/div>\n\t\t\t\t<\/div>\n\t\t\t\t\t<\/div>\n\t\t<\/div>\n\t\t\t\t\t<\/div>\n\t\t<\/section>\n\t\t\t\t<\/div>","protected":false},"excerpt":{"rendered":"<p>\u00c1reas De Actividad ALLUITZ ABOKATUAK Servicio jur\u00eddico dirigido a fomentar lo que hemos venido a denominar Derecho Preventivo. ALLUITZ CONSULTING Servicios de asesoramiento empresarial, consultor\u00eda de formaci\u00f3n y nuevas tecnolog\u00edas.<\/p>","protected":false},"author":1,"featured_media":7,"parent":0,"menu_order":0,"comment_status":"closed","ping_status":"closed","template":"elementor_canvas","meta":{"footnotes":""},"class_list":["post-17","page","type-page","status-publish","has-post-thumbnail","hentry"],"yoast_head":"<!-- This site is optimized with the Yoast SEO plugin v27.3 - https:\/\/yoast.com\/product\/yoast-seo-wordpress\/ -->\n<title>\u00c1reas de actividad - Alluitz Abokatuak<\/title>\n<meta name=\"robots\" content=\"index, follow, max-snippet:-1, max-image-preview:large, max-video-preview:-1\" \/>\n<link rel=\"canonical\" href=\"https:\/\/alluitzabogados.com\/eu\/areas-de-actividad\/\" \/>\n<meta property=\"og:locale\" content=\"en_US\" \/>\n<meta property=\"og:type\" content=\"article\" \/>\n<meta property=\"og:title\" content=\"\u00c1reas de actividad - Alluitz Abokatuak\" \/>\n<meta property=\"og:description\" content=\"\u00c1reas De Actividad ALLUITZ ABOKATUAK Servicio jur\u00eddico dirigido a fomentar lo que hemos venido a denominar Derecho Preventivo. ALLUITZ CONSULTING Servicios de asesoramiento empresarial, consultor\u00eda de formaci\u00f3n y nuevas tecnolog\u00edas.\" \/>\n<meta property=\"og:url\" content=\"https:\/\/alluitzabogados.com\/eu\/areas-de-actividad\/\" \/>\n<meta property=\"og:site_name\" content=\"Alluitz Abokatuak\" \/>\n<meta property=\"article:modified_time\" content=\"2023-12-12T09:26:57+00:00\" \/>\n<meta property=\"og:image\" content=\"https:\/\/alluitzabogados.com\/wp-content\/uploads\/2023\/11\/Captura-de-pantalla-2015-04-24-a-las-14.06.06-Raul-Hernandez.png\" \/>\n\t<meta property=\"og:image:width\" content=\"1629\" \/>\n\t<meta property=\"og:image:height\" content=\"468\" \/>\n\t<meta property=\"og:image:type\" content=\"image\/png\" \/>\n<meta name=\"twitter:card\" content=\"summary_large_image\" \/>\n<meta name=\"twitter:label1\" content=\"Est. reading time\" \/>\n\t<meta name=\"twitter:data1\" content=\"1 minutua\" \/>\n<script type=\"application\/ld+json\" class=\"yoast-schema-graph\">{\"@context\":\"https:\\\/\\\/schema.org\",\"@graph\":[{\"@type\":\"WebPage\",\"@id\":\"https:\\\/\\\/alluitzabogados.com\\\/areas-de-actividad\\\/\",\"url\":\"https:\\\/\\\/alluitzabogados.com\\\/areas-de-actividad\\\/\",\"name\":\"\u00c1reas de actividad - Alluitz Abokatuak\",\"isPartOf\":{\"@id\":\"https:\\\/\\\/alluitzabogados.com\\\/#website\"},\"primaryImageOfPage\":{\"@id\":\"https:\\\/\\\/alluitzabogados.com\\\/areas-de-actividad\\\/#primaryimage\"},\"image\":{\"@id\":\"https:\\\/\\\/alluitzabogados.com\\\/areas-de-actividad\\\/#primaryimage\"},\"thumbnailUrl\":\"https:\\\/\\\/alluitzabogados.com\\\/wp-content\\\/uploads\\\/2023\\\/11\\\/Captura-de-pantalla-2015-04-24-a-las-14.06.06-Raul-Hernandez.png\",\"datePublished\":\"2023-11-21T11:45:51+00:00\",\"dateModified\":\"2023-12-12T09:26:57+00:00\",\"breadcrumb\":{\"@id\":\"https:\\\/\\\/alluitzabogados.com\\\/areas-de-actividad\\\/#breadcrumb\"},\"inLanguage\":\"eu\",\"potentialAction\":[{\"@type\":\"ReadAction\",\"target\":[\"https:\\\/\\\/alluitzabogados.com\\\/areas-de-actividad\\\/\"]}]},{\"@type\":\"ImageObject\",\"inLanguage\":\"eu\",\"@id\":\"https:\\\/\\\/alluitzabogados.com\\\/areas-de-actividad\\\/#primaryimage\",\"url\":\"https:\\\/\\\/alluitzabogados.com\\\/wp-content\\\/uploads\\\/2023\\\/11\\\/Captura-de-pantalla-2015-04-24-a-las-14.06.06-Raul-Hernandez.png\",\"contentUrl\":\"https:\\\/\\\/alluitzabogados.com\\\/wp-content\\\/uploads\\\/2023\\\/11\\\/Captura-de-pantalla-2015-04-24-a-las-14.06.06-Raul-Hernandez.png\",\"width\":1629,\"height\":468},{\"@type\":\"BreadcrumbList\",\"@id\":\"https:\\\/\\\/alluitzabogados.com\\\/areas-de-actividad\\\/#breadcrumb\",\"itemListElement\":[{\"@type\":\"ListItem\",\"position\":1,\"name\":\"Portada\",\"item\":\"https:\\\/\\\/alluitzabogados.com\\\/\"},{\"@type\":\"ListItem\",\"position\":2,\"name\":\"\u00c1reas de actividad\"}]},{\"@type\":\"WebSite\",\"@id\":\"https:\\\/\\\/alluitzabogados.com\\\/#website\",\"url\":\"https:\\\/\\\/alluitzabogados.com\\\/\",\"name\":\"Alluitz Abokatuak\",\"description\":\"\",\"publisher\":{\"@id\":\"https:\\\/\\\/alluitzabogados.com\\\/#organization\"},\"potentialAction\":[{\"@type\":\"SearchAction\",\"target\":{\"@type\":\"EntryPoint\",\"urlTemplate\":\"https:\\\/\\\/alluitzabogados.com\\\/?s={search_term_string}\"},\"query-input\":{\"@type\":\"PropertyValueSpecification\",\"valueRequired\":true,\"valueName\":\"search_term_string\"}}],\"inLanguage\":\"eu\"},{\"@type\":\"Organization\",\"@id\":\"https:\\\/\\\/alluitzabogados.com\\\/#organization\",\"name\":\"Alluitz Abokatuak\",\"url\":\"https:\\\/\\\/alluitzabogados.com\\\/\",\"logo\":{\"@type\":\"ImageObject\",\"inLanguage\":\"eu\",\"@id\":\"https:\\\/\\\/alluitzabogados.com\\\/#\\\/schema\\\/logo\\\/image\\\/\",\"url\":\"https:\\\/\\\/alluitzabogados.com\\\/wp-content\\\/uploads\\\/2023\\\/11\\\/Captura-de-pantalla-2015-04-24-a-las-14.06.06-Raul-Hernandez.png\",\"contentUrl\":\"https:\\\/\\\/alluitzabogados.com\\\/wp-content\\\/uploads\\\/2023\\\/11\\\/Captura-de-pantalla-2015-04-24-a-las-14.06.06-Raul-Hernandez.png\",\"width\":1629,\"height\":468,\"caption\":\"Alluitz Abokatuak\"},\"image\":{\"@id\":\"https:\\\/\\\/alluitzabogados.com\\\/#\\\/schema\\\/logo\\\/image\\\/\"}}]}<\/script>\n<!-- \/ Yoast SEO plugin. -->","yoast_head_json":{"title":"\u00c1reas de actividad - Alluitz Abokatuak","robots":{"index":"index","follow":"follow","max-snippet":"max-snippet:-1","max-image-preview":"max-image-preview:large","max-video-preview":"max-video-preview:-1"},"canonical":"https:\/\/alluitzabogados.com\/eu\/areas-de-actividad\/","og_locale":"en_US","og_type":"article","og_title":"\u00c1reas de actividad - Alluitz Abokatuak","og_description":"\u00c1reas De Actividad ALLUITZ ABOKATUAK Servicio jur\u00eddico dirigido a fomentar lo que hemos venido a denominar Derecho Preventivo. ALLUITZ CONSULTING Servicios de asesoramiento empresarial, consultor\u00eda de formaci\u00f3n y nuevas tecnolog\u00edas.","og_url":"https:\/\/alluitzabogados.com\/eu\/areas-de-actividad\/","og_site_name":"Alluitz Abokatuak","article_modified_time":"2023-12-12T09:26:57+00:00","og_image":[{"width":1629,"height":468,"url":"https:\/\/alluitzabogados.com\/wp-content\/uploads\/2023\/11\/Captura-de-pantalla-2015-04-24-a-las-14.06.06-Raul-Hernandez.png","type":"image\/png"}],"twitter_card":"summary_large_image","twitter_misc":{"Est. reading time":"1 minutua"},"schema":{"@context":"https:\/\/schema.org","@graph":[{"@type":"WebPage","@id":"https:\/\/alluitzabogados.com\/areas-de-actividad\/","url":"https:\/\/alluitzabogados.com\/areas-de-actividad\/","name":"\u00c1reas de actividad - Alluitz Abokatuak","isPartOf":{"@id":"https:\/\/alluitzabogados.com\/#website"},"primaryImageOfPage":{"@id":"https:\/\/alluitzabogados.com\/areas-de-actividad\/#primaryimage"},"image":{"@id":"https:\/\/alluitzabogados.com\/areas-de-actividad\/#primaryimage"},"thumbnailUrl":"https:\/\/alluitzabogados.com\/wp-content\/uploads\/2023\/11\/Captura-de-pantalla-2015-04-24-a-las-14.06.06-Raul-Hernandez.png","datePublished":"2023-11-21T11:45:51+00:00","dateModified":"2023-12-12T09:26:57+00:00","breadcrumb":{"@id":"https:\/\/alluitzabogados.com\/areas-de-actividad\/#breadcrumb"},"inLanguage":"eu","potentialAction":[{"@type":"ReadAction","target":["https:\/\/alluitzabogados.com\/areas-de-actividad\/"]}]},{"@type":"ImageObject","inLanguage":"eu","@id":"https:\/\/alluitzabogados.com\/areas-de-actividad\/#primaryimage","url":"https:\/\/alluitzabogados.com\/wp-content\/uploads\/2023\/11\/Captura-de-pantalla-2015-04-24-a-las-14.06.06-Raul-Hernandez.png","contentUrl":"https:\/\/alluitzabogados.com\/wp-content\/uploads\/2023\/11\/Captura-de-pantalla-2015-04-24-a-las-14.06.06-Raul-Hernandez.png","width":1629,"height":468},{"@type":"BreadcrumbList","@id":"https:\/\/alluitzabogados.com\/areas-de-actividad\/#breadcrumb","itemListElement":[{"@type":"ListItem","position":1,"name":"Portada","item":"https:\/\/alluitzabogados.com\/"},{"@type":"ListItem","position":2,"name":"\u00c1reas de actividad"}]},{"@type":"WebSite","@id":"https:\/\/alluitzabogados.com\/#website","url":"https:\/\/alluitzabogados.com\/","name":"Alluitz Abokatuak","description":"","publisher":{"@id":"https:\/\/alluitzabogados.com\/#organization"},"potentialAction":[{"@type":"SearchAction","target":{"@type":"EntryPoint","urlTemplate":"https:\/\/alluitzabogados.com\/?s={search_term_string}"},"query-input":{"@type":"PropertyValueSpecification","valueRequired":true,"valueName":"search_term_string"}}],"inLanguage":"eu"},{"@type":"Organization","@id":"https:\/\/alluitzabogados.com\/#organization","name":"Alluitz Abokatuak","url":"https:\/\/alluitzabogados.com\/","logo":{"@type":"ImageObject","inLanguage":"eu","@id":"https:\/\/alluitzabogados.com\/#\/schema\/logo\/image\/","url":"https:\/\/alluitzabogados.com\/wp-content\/uploads\/2023\/11\/Captura-de-pantalla-2015-04-24-a-las-14.06.06-Raul-Hernandez.png","contentUrl":"https:\/\/alluitzabogados.com\/wp-content\/uploads\/2023\/11\/Captura-de-pantalla-2015-04-24-a-las-14.06.06-Raul-Hernandez.png","width":1629,"height":468,"caption":"Alluitz Abokatuak"},"image":{"@id":"https:\/\/alluitzabogados.com\/#\/schema\/logo\/image\/"}}]}},"_links":{"self":[{"href":"https:\/\/alluitzabogados.com\/eu\/wp-json\/wp\/v2\/pages\/17","targetHints":{"allow":["GET"]}}],"collection":[{"href":"https:\/\/alluitzabogados.com\/eu\/wp-json\/wp\/v2\/pages"}],"about":[{"href":"https:\/\/alluitzabogados.com\/eu\/wp-json\/wp\/v2\/types\/page"}],"author":[{"embeddable":true,"href":"https:\/\/alluitzabogados.com\/eu\/wp-json\/wp\/v2\/users\/1"}],"replies":[{"embeddable":true,"href":"https:\/\/alluitzabogados.com\/eu\/wp-json\/wp\/v2\/comments?post=17"}],"version-history":[{"count":37,"href":"https:\/\/alluitzabogados.com\/eu\/wp-json\/wp\/v2\/pages\/17\/revisions"}],"predecessor-version":[{"id":945,"href":"https:\/\/alluitzabogados.com\/eu\/wp-json\/wp\/v2\/pages\/17\/revisions\/945"}],"wp:featuredmedia":[{"embeddable":true,"href":"https:\/\/alluitzabogados.com\/eu\/wp-json\/wp\/v2\/media\/7"}],"wp:attachment":[{"href":"https:\/\/alluitzabogados.com\/eu\/wp-json\/wp\/v2\/media?parent=17"}],"curies":[{"name":"wp","href":"https:\/\/api.w.org\/{rel}","templated":true}]}}