{"id":28,"date":"2023-11-21T11:51:11","date_gmt":"2023-11-21T11:51:11","guid":{"rendered":"https:\/\/web4.rkinformatika.net\/alluitzabogados\/?page_id=28"},"modified":"2023-12-12T08:38:09","modified_gmt":"2023-12-12T08:38:09","slug":"derecho-preventivo","status":"publish","type":"page","link":"https:\/\/alluitzabogados.com\/eu\/derecho-preventivo\/","title":{"rendered":"Derecho Preventivo"},"content":{"rendered":"<div data-elementor-type=\"wp-page\" data-elementor-id=\"28\" class=\"elementor elementor-28\" data-elementor-post-type=\"page\">\n\t\t\t\t\t\t<section class=\"elementor-section elementor-top-section elementor-element elementor-element-6b6800a elementor-section-boxed elementor-section-height-default elementor-section-height-default\" data-id=\"6b6800a\" data-element_type=\"section\" data-e-type=\"section\">\n\t\t\t\t\t\t<div class=\"elementor-container elementor-column-gap-default\">\n\t\t\t\t\t<div class=\"elementor-column elementor-col-100 elementor-top-column elementor-element elementor-element-53fb7d72\" data-id=\"53fb7d72\" data-element_type=\"column\" data-e-type=\"column\">\n\t\t\t<div class=\"elementor-widget-wrap elementor-element-populated\">\n\t\t\t\t\t\t<div class=\"elementor-element elementor-element-30abdc3e elementor-widget elementor-widget-elementskit-heading\" data-id=\"30abdc3e\" data-element_type=\"widget\" data-e-type=\"widget\" data-widget_type=\"elementskit-heading.default\">\n\t\t\t\t<div class=\"elementor-widget-container\">\n\t\t\t\t\t<div class=\"ekit-wid-con\" ><div class=\"ekit-heading elementskit-section-title-wraper text_center   ekit_heading_tablet-   ekit_heading_mobile-\"><h2 class=\"ekit-heading--title elementskit-section-title\">Derecho Preventivo<\/h2><\/div><\/div>\t\t\t\t<\/div>\n\t\t\t\t<\/div>\n\t\t\t\t<div class=\"elementor-element elementor-element-003d9c7 elementor-widget-divider--view-line elementor-widget elementor-widget-divider\" data-id=\"003d9c7\" data-element_type=\"widget\" data-e-type=\"widget\" data-widget_type=\"divider.default\">\n\t\t\t\t<div class=\"elementor-widget-container\">\n\t\t\t\t\t\t\t<div class=\"elementor-divider\">\n\t\t\t<span class=\"elementor-divider-separator\">\n\t\t\t\t\t\t<\/span>\n\t\t<\/div>\n\t\t\t\t\t\t<\/div>\n\t\t\t\t<\/div>\n\t\t\t\t<div class=\"elementor-element elementor-element-dc663f6 elementor-widget elementor-widget-text-editor\" data-id=\"dc663f6\" data-element_type=\"widget\" data-e-type=\"widget\" data-widget_type=\"text-editor.default\">\n\t\t\t\t<div class=\"elementor-widget-container\">\n\t\t\t\t\t\t\t\t\t<p>El concepto de Derecho Preventivo, naci\u00f3 en la d\u00e9cada de los a\u00f1os 50 en EEUU y dirigido principalmente a empresas. Sin embargo, cada vez con mayor frecuencia, esta nueva modalidad de contrataci\u00f3n, se va implantando en Europa con incipiente resultado en el \u00e1mbito estatal, y cuya clave del \u00e9xito radica en prevenir o minimizar el riesgo de un problema legal o crear las condiciones favorables en t\u00e9rminos de defensa ante un inevitable procedimiento judicial.<\/p>\t\t\t\t\t\t\t\t<\/div>\n\t\t\t\t<\/div>\n\t\t\t\t\t<\/div>\n\t\t<\/div>\n\t\t\t\t\t<\/div>\n\t\t<\/section>\n\t\t\t\t<section class=\"elementor-section elementor-top-section elementor-element elementor-element-75f56cf3 elementor-section-boxed elementor-section-height-default elementor-section-height-default\" data-id=\"75f56cf3\" data-element_type=\"section\" data-e-type=\"section\">\n\t\t\t\t\t\t<div class=\"elementor-container elementor-column-gap-default\">\n\t\t\t\t\t<div class=\"elementor-column elementor-col-50 elementor-top-column elementor-element elementor-element-6bad3abe elementor-invisible\" data-id=\"6bad3abe\" data-element_type=\"column\" data-e-type=\"column\" data-settings=\"{&quot;animation&quot;:&quot;fadeIn&quot;}\">\n\t\t\t<div class=\"elementor-widget-wrap elementor-element-populated\">\n\t\t\t\t\t<div class=\"elementor-background-overlay\"><\/div>\n\t\t\t\t\t\t<section class=\"elementor-section elementor-inner-section elementor-element elementor-element-55d520a7 elementor-section-boxed elementor-section-height-default elementor-section-height-default\" data-id=\"55d520a7\" data-element_type=\"section\" data-e-type=\"section\">\n\t\t\t\t\t\t<div class=\"elementor-container elementor-column-gap-default\">\n\t\t\t\t\t<div class=\"elementor-column elementor-col-100 elementor-inner-column elementor-element elementor-element-e418e21\" data-id=\"e418e21\" data-element_type=\"column\" data-e-type=\"column\">\n\t\t\t<div class=\"elementor-widget-wrap elementor-element-populated\">\n\t\t\t\t\t\t<div class=\"elementor-element elementor-element-18d49a44 elementor-widget elementor-widget-text-editor\" data-id=\"18d49a44\" data-element_type=\"widget\" data-e-type=\"widget\" data-widget_type=\"text-editor.default\">\n\t\t\t\t<div class=\"elementor-widget-container\">\n\t\t\t\t\t\t\t\t\t<p>Frente al Derecho Reactivo, el m\u00e1s extendido, y tradicional que consiste en solicitar asesoramiento y soluciones cuando la necesidad est\u00e1 focalizada; el Derecho Preventivo pretende anticiparse a dichos problemas y fomentar la cultura legal a trav\u00e9s de la especializaci\u00f3n y de la disciplina para conocer el derecho vigente y la \u00faltima jurisprudencia, con el objetivo de lograr que el cliente (empresa o particular) encuentre soporte jur\u00eddico necesario acorde a la realidad del momento.<\/p>\t\t\t\t\t\t\t\t<\/div>\n\t\t\t\t<\/div>\n\t\t\t\t\t<\/div>\n\t\t<\/div>\n\t\t\t\t\t<\/div>\n\t\t<\/section>\n\t\t\t\t\t<\/div>\n\t\t<\/div>\n\t\t\t\t<div class=\"elementor-column elementor-col-50 elementor-top-column elementor-element elementor-element-1b06f709 elementor-invisible\" data-id=\"1b06f709\" data-element_type=\"column\" data-e-type=\"column\" data-settings=\"{&quot;animation&quot;:&quot;fadeIn&quot;,&quot;animation_delay&quot;:500}\">\n\t\t\t<div class=\"elementor-widget-wrap elementor-element-populated\">\n\t\t\t\t\t<div class=\"elementor-background-overlay\"><\/div>\n\t\t\t\t\t\t<section class=\"elementor-section elementor-inner-section elementor-element elementor-element-48a0c58d elementor-section-boxed elementor-section-height-default elementor-section-height-default\" data-id=\"48a0c58d\" data-element_type=\"section\" data-e-type=\"section\">\n\t\t\t\t\t\t<div class=\"elementor-container elementor-column-gap-default\">\n\t\t\t\t\t<div class=\"elementor-column elementor-col-100 elementor-inner-column elementor-element elementor-element-9f312e6 elementor-invisible\" data-id=\"9f312e6\" data-element_type=\"column\" data-e-type=\"column\" data-settings=\"{&quot;background_background&quot;:&quot;classic&quot;,&quot;animation&quot;:&quot;fadeIn&quot;}\">\n\t\t\t<div class=\"elementor-widget-wrap elementor-element-populated\">\n\t\t\t\t\t<div class=\"elementor-background-overlay\"><\/div>\n\t\t\t\t\t\t<div class=\"elementor-element elementor-element-5f4356c8 elementor-widget elementor-widget-spacer\" data-id=\"5f4356c8\" data-element_type=\"widget\" data-e-type=\"widget\" data-widget_type=\"spacer.default\">\n\t\t\t\t<div class=\"elementor-widget-container\">\n\t\t\t\t\t\t\t<div class=\"elementor-spacer\">\n\t\t\t<div class=\"elementor-spacer-inner\"><\/div>\n\t\t<\/div>\n\t\t\t\t\t\t<\/div>\n\t\t\t\t<\/div>\n\t\t\t\t\t<\/div>\n\t\t<\/div>\n\t\t\t\t\t<\/div>\n\t\t<\/section>\n\t\t\t\t\t<\/div>\n\t\t<\/div>\n\t\t\t\t\t<\/div>\n\t\t<\/section>\n\t\t\t\t<section class=\"elementor-section elementor-top-section elementor-element elementor-element-1a16341 elementor-section-boxed elementor-section-height-default elementor-section-height-default\" data-id=\"1a16341\" data-element_type=\"section\" data-e-type=\"section\">\n\t\t\t\t\t\t<div class=\"elementor-container elementor-column-gap-default\">\n\t\t\t\t\t<div class=\"elementor-column elementor-col-100 elementor-top-column elementor-element elementor-element-a5ac139\" data-id=\"a5ac139\" data-element_type=\"column\" data-e-type=\"column\">\n\t\t\t<div class=\"elementor-widget-wrap elementor-element-populated\">\n\t\t\t\t\t\t<div class=\"elementor-element elementor-element-4b074f0 elementor-widget elementor-widget-text-editor\" data-id=\"4b074f0\" data-element_type=\"widget\" data-e-type=\"widget\" data-widget_type=\"text-editor.default\">\n\t\t\t\t<div class=\"elementor-widget-container\">\n\t\t\t\t\t\t\t\t\t<p>Los beneficios para el cliente de esta modalidad, se traduce en tranquilidad, seguridad jur\u00eddica y evitar o minimizar riesgos. Por este motivo, desde Alluitz Abogados apostamos por el derecho preventivo ofreciendo Disponibilidad, Servicio y Conocimiento.<\/p>\t\t\t\t\t\t\t\t<\/div>\n\t\t\t\t<\/div>\n\t\t\t\t\t<\/div>\n\t\t<\/div>\n\t\t\t\t\t<\/div>\n\t\t<\/section>\n\t\t\t\t<\/div>","protected":false},"excerpt":{"rendered":"<p>Derecho Preventivo El concepto de Derecho Preventivo, naci\u00f3 en la d\u00e9cada de los a\u00f1os 50 en EEUU y dirigido principalmente a empresas. Sin embargo, cada vez con mayor frecuencia, esta nueva modalidad de contrataci\u00f3n, se va implantando en Europa con incipiente resultado en el \u00e1mbito estatal, y cuya clave del \u00e9xito radica en prevenir o [&hellip;]<\/p>\n","protected":false},"author":1,"featured_media":7,"parent":0,"menu_order":0,"comment_status":"closed","ping_status":"closed","template":"elementor_canvas","meta":{"footnotes":""},"class_list":["post-28","page","type-page","status-publish","has-post-thumbnail","hentry"],"yoast_head":"<!-- This site is optimized with the Yoast SEO plugin v27.5 - https:\/\/yoast.com\/product\/yoast-seo-wordpress\/ -->\n<title>Derecho Preventivo - Alluitz Abokatuak<\/title>\n<meta name=\"robots\" content=\"index, follow, max-snippet:-1, max-image-preview:large, max-video-preview:-1\" \/>\n<link rel=\"canonical\" href=\"https:\/\/alluitzabogados.com\/eu\/derecho-preventivo\/\" \/>\n<meta property=\"og:locale\" content=\"en_US\" \/>\n<meta property=\"og:type\" content=\"article\" \/>\n<meta property=\"og:title\" content=\"Derecho Preventivo - Alluitz Abokatuak\" \/>\n<meta property=\"og:description\" content=\"Derecho Preventivo El concepto de Derecho Preventivo, naci\u00f3 en la d\u00e9cada de los a\u00f1os 50 en EEUU y dirigido principalmente a empresas. Sin embargo, cada vez con mayor frecuencia, esta nueva modalidad de contrataci\u00f3n, se va implantando en Europa con incipiente resultado en el \u00e1mbito estatal, y cuya clave del \u00e9xito radica en prevenir o [&hellip;]\" \/>\n<meta property=\"og:url\" content=\"https:\/\/alluitzabogados.com\/eu\/derecho-preventivo\/\" \/>\n<meta property=\"og:site_name\" content=\"Alluitz Abokatuak\" \/>\n<meta property=\"article:modified_time\" content=\"2023-12-12T08:38:09+00:00\" \/>\n<meta property=\"og:image\" content=\"https:\/\/alluitzabogados.com\/wp-content\/uploads\/2023\/11\/Captura-de-pantalla-2015-04-24-a-las-14.06.06-Raul-Hernandez.png\" \/>\n\t<meta property=\"og:image:width\" content=\"1629\" \/>\n\t<meta property=\"og:image:height\" content=\"468\" \/>\n\t<meta property=\"og:image:type\" content=\"image\/png\" \/>\n<meta name=\"twitter:card\" content=\"summary_large_image\" \/>\n<meta name=\"twitter:label1\" content=\"Est. reading time\" \/>\n\t<meta name=\"twitter:data1\" content=\"1 minutua\" \/>\n<script type=\"application\/ld+json\" class=\"yoast-schema-graph\">{\"@context\":\"https:\\\/\\\/schema.org\",\"@graph\":[{\"@type\":\"WebPage\",\"@id\":\"https:\\\/\\\/alluitzabogados.com\\\/derecho-preventivo\\\/\",\"url\":\"https:\\\/\\\/alluitzabogados.com\\\/derecho-preventivo\\\/\",\"name\":\"Derecho Preventivo - Alluitz Abokatuak\",\"isPartOf\":{\"@id\":\"https:\\\/\\\/alluitzabogados.com\\\/#website\"},\"primaryImageOfPage\":{\"@id\":\"https:\\\/\\\/alluitzabogados.com\\\/derecho-preventivo\\\/#primaryimage\"},\"image\":{\"@id\":\"https:\\\/\\\/alluitzabogados.com\\\/derecho-preventivo\\\/#primaryimage\"},\"thumbnailUrl\":\"https:\\\/\\\/alluitzabogados.com\\\/wp-content\\\/uploads\\\/2023\\\/11\\\/Captura-de-pantalla-2015-04-24-a-las-14.06.06-Raul-Hernandez.png\",\"datePublished\":\"2023-11-21T11:51:11+00:00\",\"dateModified\":\"2023-12-12T08:38:09+00:00\",\"breadcrumb\":{\"@id\":\"https:\\\/\\\/alluitzabogados.com\\\/derecho-preventivo\\\/#breadcrumb\"},\"inLanguage\":\"eu\",\"potentialAction\":[{\"@type\":\"ReadAction\",\"target\":[\"https:\\\/\\\/alluitzabogados.com\\\/derecho-preventivo\\\/\"]}]},{\"@type\":\"ImageObject\",\"inLanguage\":\"eu\",\"@id\":\"https:\\\/\\\/alluitzabogados.com\\\/derecho-preventivo\\\/#primaryimage\",\"url\":\"https:\\\/\\\/alluitzabogados.com\\\/wp-content\\\/uploads\\\/2023\\\/11\\\/Captura-de-pantalla-2015-04-24-a-las-14.06.06-Raul-Hernandez.png\",\"contentUrl\":\"https:\\\/\\\/alluitzabogados.com\\\/wp-content\\\/uploads\\\/2023\\\/11\\\/Captura-de-pantalla-2015-04-24-a-las-14.06.06-Raul-Hernandez.png\",\"width\":1629,\"height\":468},{\"@type\":\"BreadcrumbList\",\"@id\":\"https:\\\/\\\/alluitzabogados.com\\\/derecho-preventivo\\\/#breadcrumb\",\"itemListElement\":[{\"@type\":\"ListItem\",\"position\":1,\"name\":\"Portada\",\"item\":\"https:\\\/\\\/alluitzabogados.com\\\/\"},{\"@type\":\"ListItem\",\"position\":2,\"name\":\"Derecho Preventivo\"}]},{\"@type\":\"WebSite\",\"@id\":\"https:\\\/\\\/alluitzabogados.com\\\/#website\",\"url\":\"https:\\\/\\\/alluitzabogados.com\\\/\",\"name\":\"Alluitz Abokatuak\",\"description\":\"\",\"publisher\":{\"@id\":\"https:\\\/\\\/alluitzabogados.com\\\/#organization\"},\"potentialAction\":[{\"@type\":\"SearchAction\",\"target\":{\"@type\":\"EntryPoint\",\"urlTemplate\":\"https:\\\/\\\/alluitzabogados.com\\\/?s={search_term_string}\"},\"query-input\":{\"@type\":\"PropertyValueSpecification\",\"valueRequired\":true,\"valueName\":\"search_term_string\"}}],\"inLanguage\":\"eu\"},{\"@type\":\"Organization\",\"@id\":\"https:\\\/\\\/alluitzabogados.com\\\/#organization\",\"name\":\"Alluitz Abokatuak\",\"url\":\"https:\\\/\\\/alluitzabogados.com\\\/\",\"logo\":{\"@type\":\"ImageObject\",\"inLanguage\":\"eu\",\"@id\":\"https:\\\/\\\/alluitzabogados.com\\\/#\\\/schema\\\/logo\\\/image\\\/\",\"url\":\"https:\\\/\\\/alluitzabogados.com\\\/wp-content\\\/uploads\\\/2023\\\/11\\\/Captura-de-pantalla-2015-04-24-a-las-14.06.06-Raul-Hernandez.png\",\"contentUrl\":\"https:\\\/\\\/alluitzabogados.com\\\/wp-content\\\/uploads\\\/2023\\\/11\\\/Captura-de-pantalla-2015-04-24-a-las-14.06.06-Raul-Hernandez.png\",\"width\":1629,\"height\":468,\"caption\":\"Alluitz Abokatuak\"},\"image\":{\"@id\":\"https:\\\/\\\/alluitzabogados.com\\\/#\\\/schema\\\/logo\\\/image\\\/\"}}]}<\/script>\n<!-- \/ Yoast SEO plugin. -->","yoast_head_json":{"title":"Derecho Preventivo - Alluitz Abokatuak","robots":{"index":"index","follow":"follow","max-snippet":"max-snippet:-1","max-image-preview":"max-image-preview:large","max-video-preview":"max-video-preview:-1"},"canonical":"https:\/\/alluitzabogados.com\/eu\/derecho-preventivo\/","og_locale":"en_US","og_type":"article","og_title":"Derecho Preventivo - Alluitz Abokatuak","og_description":"Derecho Preventivo El concepto de Derecho Preventivo, naci\u00f3 en la d\u00e9cada de los a\u00f1os 50 en EEUU y dirigido principalmente a empresas. Sin embargo, cada vez con mayor frecuencia, esta nueva modalidad de contrataci\u00f3n, se va implantando en Europa con incipiente resultado en el \u00e1mbito estatal, y cuya clave del \u00e9xito radica en prevenir o [&hellip;]","og_url":"https:\/\/alluitzabogados.com\/eu\/derecho-preventivo\/","og_site_name":"Alluitz Abokatuak","article_modified_time":"2023-12-12T08:38:09+00:00","og_image":[{"width":1629,"height":468,"url":"https:\/\/alluitzabogados.com\/wp-content\/uploads\/2023\/11\/Captura-de-pantalla-2015-04-24-a-las-14.06.06-Raul-Hernandez.png","type":"image\/png"}],"twitter_card":"summary_large_image","twitter_misc":{"Est. reading time":"1 minutua"},"schema":{"@context":"https:\/\/schema.org","@graph":[{"@type":"WebPage","@id":"https:\/\/alluitzabogados.com\/derecho-preventivo\/","url":"https:\/\/alluitzabogados.com\/derecho-preventivo\/","name":"Derecho Preventivo - Alluitz Abokatuak","isPartOf":{"@id":"https:\/\/alluitzabogados.com\/#website"},"primaryImageOfPage":{"@id":"https:\/\/alluitzabogados.com\/derecho-preventivo\/#primaryimage"},"image":{"@id":"https:\/\/alluitzabogados.com\/derecho-preventivo\/#primaryimage"},"thumbnailUrl":"https:\/\/alluitzabogados.com\/wp-content\/uploads\/2023\/11\/Captura-de-pantalla-2015-04-24-a-las-14.06.06-Raul-Hernandez.png","datePublished":"2023-11-21T11:51:11+00:00","dateModified":"2023-12-12T08:38:09+00:00","breadcrumb":{"@id":"https:\/\/alluitzabogados.com\/derecho-preventivo\/#breadcrumb"},"inLanguage":"eu","potentialAction":[{"@type":"ReadAction","target":["https:\/\/alluitzabogados.com\/derecho-preventivo\/"]}]},{"@type":"ImageObject","inLanguage":"eu","@id":"https:\/\/alluitzabogados.com\/derecho-preventivo\/#primaryimage","url":"https:\/\/alluitzabogados.com\/wp-content\/uploads\/2023\/11\/Captura-de-pantalla-2015-04-24-a-las-14.06.06-Raul-Hernandez.png","contentUrl":"https:\/\/alluitzabogados.com\/wp-content\/uploads\/2023\/11\/Captura-de-pantalla-2015-04-24-a-las-14.06.06-Raul-Hernandez.png","width":1629,"height":468},{"@type":"BreadcrumbList","@id":"https:\/\/alluitzabogados.com\/derecho-preventivo\/#breadcrumb","itemListElement":[{"@type":"ListItem","position":1,"name":"Portada","item":"https:\/\/alluitzabogados.com\/"},{"@type":"ListItem","position":2,"name":"Derecho Preventivo"}]},{"@type":"WebSite","@id":"https:\/\/alluitzabogados.com\/#website","url":"https:\/\/alluitzabogados.com\/","name":"Alluitz Abokatuak","description":"","publisher":{"@id":"https:\/\/alluitzabogados.com\/#organization"},"potentialAction":[{"@type":"SearchAction","target":{"@type":"EntryPoint","urlTemplate":"https:\/\/alluitzabogados.com\/?s={search_term_string}"},"query-input":{"@type":"PropertyValueSpecification","valueRequired":true,"valueName":"search_term_string"}}],"inLanguage":"eu"},{"@type":"Organization","@id":"https:\/\/alluitzabogados.com\/#organization","name":"Alluitz Abokatuak","url":"https:\/\/alluitzabogados.com\/","logo":{"@type":"ImageObject","inLanguage":"eu","@id":"https:\/\/alluitzabogados.com\/#\/schema\/logo\/image\/","url":"https:\/\/alluitzabogados.com\/wp-content\/uploads\/2023\/11\/Captura-de-pantalla-2015-04-24-a-las-14.06.06-Raul-Hernandez.png","contentUrl":"https:\/\/alluitzabogados.com\/wp-content\/uploads\/2023\/11\/Captura-de-pantalla-2015-04-24-a-las-14.06.06-Raul-Hernandez.png","width":1629,"height":468,"caption":"Alluitz Abokatuak"},"image":{"@id":"https:\/\/alluitzabogados.com\/#\/schema\/logo\/image\/"}}]}},"_links":{"self":[{"href":"https:\/\/alluitzabogados.com\/eu\/wp-json\/wp\/v2\/pages\/28","targetHints":{"allow":["GET"]}}],"collection":[{"href":"https:\/\/alluitzabogados.com\/eu\/wp-json\/wp\/v2\/pages"}],"about":[{"href":"https:\/\/alluitzabogados.com\/eu\/wp-json\/wp\/v2\/types\/page"}],"author":[{"embeddable":true,"href":"https:\/\/alluitzabogados.com\/eu\/wp-json\/wp\/v2\/users\/1"}],"replies":[{"embeddable":true,"href":"https:\/\/alluitzabogados.com\/eu\/wp-json\/wp\/v2\/comments?post=28"}],"version-history":[{"count":28,"href":"https:\/\/alluitzabogados.com\/eu\/wp-json\/wp\/v2\/pages\/28\/revisions"}],"predecessor-version":[{"id":815,"href":"https:\/\/alluitzabogados.com\/eu\/wp-json\/wp\/v2\/pages\/28\/revisions\/815"}],"wp:featuredmedia":[{"embeddable":true,"href":"https:\/\/alluitzabogados.com\/eu\/wp-json\/wp\/v2\/media\/7"}],"wp:attachment":[{"href":"https:\/\/alluitzabogados.com\/eu\/wp-json\/wp\/v2\/media?parent=28"}],"curies":[{"name":"wp","href":"https:\/\/api.w.org\/{rel}","templated":true}]}}