{"id":3,"date":"2023-11-21T11:31:20","date_gmt":"2023-11-21T11:31:20","guid":{"rendered":"https:\/\/web4.rkinformatika.net\/alluitzabogados\/?page_id=3"},"modified":"2023-12-12T11:47:37","modified_gmt":"2023-12-12T11:47:37","slug":"inicio","status":"publish","type":"page","link":"https:\/\/alluitzabogados.com\/eu\/","title":{"rendered":"Hasiera"},"content":{"rendered":"\t\t<div data-elementor-type=\"wp-page\" data-elementor-id=\"3\" class=\"elementor elementor-3\" data-elementor-post-type=\"page\">\n\t\t\t\t\t\t<section class=\"elementor-section elementor-top-section elementor-element elementor-element-7c857f9 elementor-section-boxed elementor-section-height-default elementor-section-height-default\" data-id=\"7c857f9\" data-element_type=\"section\" data-e-type=\"section\" data-settings=\"{&quot;background_background&quot;:&quot;slideshow&quot;,&quot;background_slideshow_gallery&quot;:[{&quot;id&quot;:927,&quot;url&quot;:&quot;https:\\\/\\\/alluitzabogados.com\\\/wp-content\\\/uploads\\\/2023\\\/12\\\/office-building-business-building-corporate-modern-office-buildings-financial-buildings.jpg&quot;},{&quot;id&quot;:926,&quot;url&quot;:&quot;https:\\\/\\\/alluitzabogados.com\\\/wp-content\\\/uploads\\\/2023\\\/12\\\/office-building-2.jpg&quot;},{&quot;id&quot;:974,&quot;url&quot;:&quot;https:\\\/\\\/alluitzabogados.com\\\/wp-content\\\/uploads\\\/2023\\\/12\\\/modern-office-building-with-green-trees.jpg&quot;},{&quot;id&quot;:895,&quot;url&quot;:&quot;https:\\\/\\\/alluitzabogados.com\\\/wp-content\\\/uploads\\\/2023\\\/12\\\/office-building.jpg&quot;}],&quot;background_slideshow_ken_burns&quot;:&quot;yes&quot;,&quot;shape_divider_bottom&quot;:&quot;opacity-tilt&quot;,&quot;background_slideshow_loop&quot;:&quot;yes&quot;,&quot;background_slideshow_slide_duration&quot;:5000,&quot;background_slideshow_slide_transition&quot;:&quot;fade&quot;,&quot;background_slideshow_transition_duration&quot;:500,&quot;background_slideshow_ken_burns_zoom_direction&quot;:&quot;in&quot;}\">\n\t\t\t\t\t\t\t<div class=\"elementor-background-overlay\"><\/div>\n\t\t\t\t\t\t<div class=\"elementor-shape elementor-shape-bottom\" aria-hidden=\"true\" data-negative=\"false\">\n\t\t\t<svg xmlns=\"http:\/\/www.w3.org\/2000\/svg\" viewBox=\"0 0 2600 131.1\" preserveAspectRatio=\"none\">\n\t<path class=\"elementor-shape-fill\" d=\"M0 0L2600 0 2600 69.1 0 0z\"\/>\n\t<path class=\"elementor-shape-fill\" style=\"opacity:0.5\" d=\"M0 0L2600 0 2600 69.1 0 69.1z\"\/>\n\t<path class=\"elementor-shape-fill\" style=\"opacity:0.25\" d=\"M2600 0L0 0 0 130.1 2600 69.1z\"\/>\n<\/svg>\t\t<\/div>\n\t\t\t\t\t<div class=\"elementor-container elementor-column-gap-default\">\n\t\t\t\t\t<div class=\"elementor-column elementor-col-100 elementor-top-column elementor-element elementor-element-200faf3\" data-id=\"200faf3\" data-element_type=\"column\" data-e-type=\"column\">\n\t\t\t<div class=\"elementor-widget-wrap elementor-element-populated\">\n\t\t\t\t\t\t<div class=\"elementor-element elementor-element-12a13a0c elementor-invisible elementor-widget elementor-widget-elementskit-heading\" data-id=\"12a13a0c\" data-element_type=\"widget\" data-e-type=\"widget\" data-settings=\"{&quot;_animation&quot;:&quot;fadeInUp&quot;}\" data-widget_type=\"elementskit-heading.default\">\n\t\t\t\t<div class=\"elementor-widget-container\">\n\t\t\t\t\t<div class=\"ekit-wid-con\" ><div class=\"ekit-heading elementskit-section-title-wraper text_center   ekit_heading_tablet-   ekit_heading_mobile-\"><h1 class=\"ekit-heading--title elementskit-section-title \">Alluitz Abokatuak<\/h1><\/div><\/div>\t\t\t\t<\/div>\n\t\t\t\t<\/div>\n\t\t\t\t<div class=\"elementor-element elementor-element-0bef19e elementor-widget-divider--view-line elementor-widget elementor-widget-divider\" data-id=\"0bef19e\" data-element_type=\"widget\" data-e-type=\"widget\" data-widget_type=\"divider.default\">\n\t\t\t\t<div class=\"elementor-widget-container\">\n\t\t\t\t\t\t\t<div class=\"elementor-divider\">\n\t\t\t<span class=\"elementor-divider-separator\">\n\t\t\t\t\t\t<\/span>\n\t\t<\/div>\n\t\t\t\t\t\t<\/div>\n\t\t\t\t<\/div>\n\t\t\t\t<div class=\"elementor-element elementor-element-4a6711ac elementor-invisible elementor-widget elementor-widget-text-editor\" data-id=\"4a6711ac\" data-element_type=\"widget\" data-e-type=\"widget\" data-settings=\"{&quot;_animation&quot;:&quot;fadeInUp&quot;,&quot;_animation_delay&quot;:600}\" data-widget_type=\"text-editor.default\">\n\t\t\t\t<div class=\"elementor-widget-container\">\n\t\t\t\t\t\t\t\t\t<p>Servicios Jur\u00eddicos<\/p>\t\t\t\t\t\t\t\t<\/div>\n\t\t\t\t<\/div>\n\t\t\t\t\t<\/div>\n\t\t<\/div>\n\t\t\t\t\t<\/div>\n\t\t<\/section>\n\t\t\t\t<section class=\"elementor-section elementor-top-section elementor-element elementor-element-7e54bf24 elementor-section-boxed elementor-section-height-default elementor-section-height-default\" data-id=\"7e54bf24\" data-element_type=\"section\" data-e-type=\"section\">\n\t\t\t\t\t\t<div class=\"elementor-container elementor-column-gap-default\">\n\t\t\t\t\t<div class=\"elementor-column elementor-col-50 elementor-top-column elementor-element elementor-element-55f1e274\" data-id=\"55f1e274\" data-element_type=\"column\" data-e-type=\"column\">\n\t\t\t<div class=\"elementor-widget-wrap elementor-element-populated\">\n\t\t\t\t\t\t<div class=\"elementor-element elementor-element-20f96db6 elementor-widget elementor-widget-elementskit-heading\" data-id=\"20f96db6\" data-element_type=\"widget\" data-e-type=\"widget\" data-widget_type=\"elementskit-heading.default\">\n\t\t\t\t<div class=\"elementor-widget-container\">\n\t\t\t\t\t<div class=\"ekit-wid-con\" ><div class=\"ekit-heading elementskit-section-title-wraper text_left   ekit_heading_tablet-   ekit_heading_mobile-\"><div class=\"elementskit-section-subtitle  elementskit-style-border\">\n\t\t\t\t\t\tSobre nosotros\n\t\t\t\t\t<\/div><h2 class=\"ekit-heading--title elementskit-section-title \">Un gran equipo y una cultura ganadora<\/h2><\/div><\/div>\t\t\t\t<\/div>\n\t\t\t\t<\/div>\n\t\t\t\t<div class=\"elementor-element elementor-element-3d7876ff elementor-widget elementor-widget-text-editor\" data-id=\"3d7876ff\" data-element_type=\"widget\" data-e-type=\"widget\" data-widget_type=\"text-editor.default\">\n\t\t\t\t<div class=\"elementor-widget-container\">\n\t\t\t\t\t\t\t\t\t<p>Alluitz Abogados, es un despacho multidisciplinar, que nace con la iniciativa emprendedora de car\u00e1cter jur\u00eddico, que tiene en el\u00a0<strong>Derecho<\/strong>\u00a0su pilar fundamental. As\u00ed mismo, nuestra trayectoria profesional, nos permite integrar el Derecho en dos ejes complementarios entre s\u00ed, como son la\u00a0<strong>Consultor\u00eda<\/strong>\u00a0y la\u00a0<strong>Formaci\u00f3n<\/strong>.<\/p>\n<p>Fruto de esta idea, nacen dos servicios:<\/p>\t\t\t\t\t\t\t\t<\/div>\n\t\t\t\t<\/div>\n\t\t\t\t\t<\/div>\n\t\t<\/div>\n\t\t\t\t<div class=\"elementor-column elementor-col-50 elementor-top-column elementor-element elementor-element-41f36ff1\" data-id=\"41f36ff1\" data-element_type=\"column\" data-e-type=\"column\" data-settings=\"{&quot;background_background&quot;:&quot;classic&quot;}\">\n\t\t\t<div class=\"elementor-widget-wrap elementor-element-populated\">\n\t\t\t\t\t\t<div class=\"elementor-element elementor-element-709085e0 elementor-widget elementor-widget-spacer\" data-id=\"709085e0\" data-element_type=\"widget\" data-e-type=\"widget\" data-widget_type=\"spacer.default\">\n\t\t\t\t<div class=\"elementor-widget-container\">\n\t\t\t\t\t\t\t<div class=\"elementor-spacer\">\n\t\t\t<div class=\"elementor-spacer-inner\"><\/div>\n\t\t<\/div>\n\t\t\t\t\t\t<\/div>\n\t\t\t\t<\/div>\n\t\t\t\t\t<\/div>\n\t\t<\/div>\n\t\t\t\t\t<\/div>\n\t\t<\/section>\n\t\t\t\t<section class=\"elementor-section elementor-top-section elementor-element elementor-element-e63b74b elementor-section-boxed elementor-section-height-default elementor-section-height-default\" data-id=\"e63b74b\" data-element_type=\"section\" data-e-type=\"section\">\n\t\t\t\t\t\t<div class=\"elementor-container elementor-column-gap-default\">\n\t\t\t\t\t<div class=\"elementor-column elementor-col-100 elementor-top-column elementor-element elementor-element-2e602c64\" data-id=\"2e602c64\" data-element_type=\"column\" data-e-type=\"column\">\n\t\t\t<div class=\"elementor-widget-wrap elementor-element-populated\">\n\t\t\t\t\t\t<div class=\"elementor-element elementor-element-1dd36d3a elementor-widget elementor-widget-elementskit-heading\" data-id=\"1dd36d3a\" data-element_type=\"widget\" data-e-type=\"widget\" data-widget_type=\"elementskit-heading.default\">\n\t\t\t\t<div class=\"elementor-widget-container\">\n\t\t\t\t\t<div class=\"ekit-wid-con\" ><div class=\"ekit-heading elementskit-section-title-wraper text_center   ekit_heading_tablet-   ekit_heading_mobile-\"><h2 class=\"ekit-heading--title elementskit-section-title \">Servicios<\/h2><\/div><\/div>\t\t\t\t<\/div>\n\t\t\t\t<\/div>\n\t\t\t\t<div class=\"elementor-element elementor-element-395ce65 elementor-widget-divider--view-line elementor-widget elementor-widget-divider\" data-id=\"395ce65\" data-element_type=\"widget\" data-e-type=\"widget\" data-widget_type=\"divider.default\">\n\t\t\t\t<div class=\"elementor-widget-container\">\n\t\t\t\t\t\t\t<div class=\"elementor-divider\">\n\t\t\t<span class=\"elementor-divider-separator\">\n\t\t\t\t\t\t<\/span>\n\t\t<\/div>\n\t\t\t\t\t\t<\/div>\n\t\t\t\t<\/div>\n\t\t\t\t\t<\/div>\n\t\t<\/div>\n\t\t\t\t\t<\/div>\n\t\t<\/section>\n\t\t\t\t<section class=\"elementor-section elementor-top-section elementor-element elementor-element-5b5e58f2 elementor-section-boxed elementor-section-height-default elementor-section-height-default\" data-id=\"5b5e58f2\" data-element_type=\"section\" data-e-type=\"section\">\n\t\t\t\t\t\t<div class=\"elementor-container elementor-column-gap-default\">\n\t\t\t\t\t<div class=\"elementor-column elementor-col-50 elementor-top-column elementor-element elementor-element-2bdd34c8 elementor-invisible\" data-id=\"2bdd34c8\" data-element_type=\"column\" data-e-type=\"column\" data-settings=\"{&quot;background_background&quot;:&quot;classic&quot;,&quot;animation&quot;:&quot;fadeInUp&quot;}\">\n\t\t\t<div class=\"elementor-widget-wrap elementor-element-populated\">\n\t\t\t\t\t\t<div class=\"elementor-element elementor-element-7731dd46 elementor-align-left elementor-widget elementor-widget-button\" data-id=\"7731dd46\" data-element_type=\"widget\" data-e-type=\"widget\" data-widget_type=\"button.default\">\n\t\t\t\t<div class=\"elementor-widget-container\">\n\t\t\t\t\t\t\t\t\t<div class=\"elementor-button-wrapper\">\n\t\t\t\t\t<a class=\"elementor-button elementor-button-link elementor-size-sm\" href=\"https:\/\/alluitzabogados.com\/derecho-preventivo\/\">\n\t\t\t\t\t\t<span class=\"elementor-button-content-wrapper\">\n\t\t\t\t\t\t\t\t\t<span class=\"elementor-button-text\">ALLUITZ ABOKATUAK<\/span>\n\t\t\t\t\t<\/span>\n\t\t\t\t\t<\/a>\n\t\t\t\t<\/div>\n\t\t\t\t\t\t\t\t<\/div>\n\t\t\t\t<\/div>\n\t\t\t\t<div class=\"elementor-element elementor-element-a8d6d2e elementor-widget elementor-widget-image\" data-id=\"a8d6d2e\" data-element_type=\"widget\" data-e-type=\"widget\" data-widget_type=\"image.default\">\n\t\t\t\t<div class=\"elementor-widget-container\">\n\t\t\t\t\t\t\t\t\t\t\t\t\t\t\t\t<a href=\"https:\/\/alluitzabogados.com\/derecho-preventivo\/\">\n\t\t\t\t\t\t\t<img fetchpriority=\"high\" decoding=\"async\" width=\"800\" height=\"356\" src=\"https:\/\/alluitzabogados.com\/wp-content\/uploads\/2023\/11\/Abogados.jpg\" class=\"attachment-large size-large wp-image-212\" alt=\"\" srcset=\"https:\/\/alluitzabogados.com\/wp-content\/uploads\/2023\/11\/Abogados.jpg 900w, https:\/\/alluitzabogados.com\/wp-content\/uploads\/2023\/11\/Abogados-300x133.jpg 300w, https:\/\/alluitzabogados.com\/wp-content\/uploads\/2023\/11\/Abogados-768x341.jpg 768w, https:\/\/alluitzabogados.com\/wp-content\/uploads\/2023\/11\/Abogados-18x8.jpg 18w\" sizes=\"(max-width: 800px) 100vw, 800px\" \/>\t\t\t\t\t\t\t\t<\/a>\n\t\t\t\t\t\t\t\t\t\t\t\t\t\t\t<\/div>\n\t\t\t\t<\/div>\n\t\t\t\t<div class=\"elementor-element elementor-element-cc114f8 elementor-widget__width-initial elementor-widget elementor-widget-text-editor\" data-id=\"cc114f8\" data-element_type=\"widget\" data-e-type=\"widget\" data-widget_type=\"text-editor.default\">\n\t\t\t\t<div class=\"elementor-widget-container\">\n\t\t\t\t\t\t\t\t\t<p>Servicio jur\u00eddico dirigido a fomentar lo que hemos venido a denominar Derecho Preventivo.<\/p><p>Para ello, contamos con un equipo t\u00e9cnico cualificado y competitivo, conformado por abogados, que adapta el asesoramiento jur\u00eddico a las necesidades reales del cliente.<\/p>\t\t\t\t\t\t\t\t<\/div>\n\t\t\t\t<\/div>\n\t\t\t\t\t<\/div>\n\t\t<\/div>\n\t\t\t\t<div class=\"elementor-column elementor-col-50 elementor-top-column elementor-element elementor-element-83a0045 elementor-invisible\" data-id=\"83a0045\" data-element_type=\"column\" data-e-type=\"column\" data-settings=\"{&quot;background_background&quot;:&quot;classic&quot;,&quot;animation&quot;:&quot;fadeInUp&quot;}\">\n\t\t\t<div class=\"elementor-widget-wrap elementor-element-populated\">\n\t\t\t\t\t\t<div class=\"elementor-element elementor-element-7bae0f6 elementor-align-left elementor-widget elementor-widget-button\" data-id=\"7bae0f6\" data-element_type=\"widget\" data-e-type=\"widget\" data-widget_type=\"button.default\">\n\t\t\t\t<div class=\"elementor-widget-container\">\n\t\t\t\t\t\t\t\t\t<div class=\"elementor-button-wrapper\">\n\t\t\t\t\t<a class=\"elementor-button elementor-button-link elementor-size-sm\" href=\"https:\/\/alluitzabogados.com\/alluitz-consulting\/\">\n\t\t\t\t\t\t<span class=\"elementor-button-content-wrapper\">\n\t\t\t\t\t\t\t\t\t<span class=\"elementor-button-text\">ALLUITZ CONSULTING<\/span>\n\t\t\t\t\t<\/span>\n\t\t\t\t\t<\/a>\n\t\t\t\t<\/div>\n\t\t\t\t\t\t\t\t<\/div>\n\t\t\t\t<\/div>\n\t\t\t\t<div class=\"elementor-element elementor-element-bb953e8 elementor-widget elementor-widget-image\" data-id=\"bb953e8\" data-element_type=\"widget\" data-e-type=\"widget\" data-widget_type=\"image.default\">\n\t\t\t\t<div class=\"elementor-widget-container\">\n\t\t\t\t\t\t\t\t\t\t\t\t\t\t\t\t<a href=\"https:\/\/alluitzabogados.com\/alluitz-consulting\/\">\n\t\t\t\t\t\t\t<img decoding=\"async\" width=\"800\" height=\"356\" src=\"https:\/\/alluitzabogados.com\/wp-content\/uploads\/2023\/11\/Consulting.jpg\" class=\"attachment-large size-large wp-image-228\" alt=\"\" srcset=\"https:\/\/alluitzabogados.com\/wp-content\/uploads\/2023\/11\/Consulting.jpg 900w, https:\/\/alluitzabogados.com\/wp-content\/uploads\/2023\/11\/Consulting-300x133.jpg 300w, https:\/\/alluitzabogados.com\/wp-content\/uploads\/2023\/11\/Consulting-768x341.jpg 768w, https:\/\/alluitzabogados.com\/wp-content\/uploads\/2023\/11\/Consulting-18x8.jpg 18w\" sizes=\"(max-width: 800px) 100vw, 800px\" \/>\t\t\t\t\t\t\t\t<\/a>\n\t\t\t\t\t\t\t\t\t\t\t\t\t\t\t<\/div>\n\t\t\t\t<\/div>\n\t\t\t\t<div class=\"elementor-element elementor-element-0c57579 elementor-widget__width-initial elementor-widget elementor-widget-text-editor\" data-id=\"0c57579\" data-element_type=\"widget\" data-e-type=\"widget\" data-widget_type=\"text-editor.default\">\n\t\t\t\t<div class=\"elementor-widget-container\">\n\t\t\t\t\t\t\t\t\t<p>Servicios de asesoramiento empresarial, consultor\u00eda de formaci\u00f3n y nuevas tecnolog\u00edas.<\/p>\n<p>Servicio encaminado a gestionar Programas de Formaci\u00f3n a empresas privadas y p\u00fablicas, teniendo en cuenta que la formaci\u00f3n contribuye a que las organizaciones sean socialmente m\u00e1s eficientes.<\/p>\t\t\t\t\t\t\t\t<\/div>\n\t\t\t\t<\/div>\n\t\t\t\t\t<\/div>\n\t\t<\/div>\n\t\t\t\t\t<\/div>\n\t\t<\/section>\n\t\t\t\t<\/div>\n\t\t","protected":false},"excerpt":{"rendered":"<p>Alluitz Abokatuak Servicios Jur\u00eddicos Sobre nosotros Un gran equipo y una cultura ganadora Alluitz Abogados, es un despacho multidisciplinar, que nace con la iniciativa emprendedora de car\u00e1cter jur\u00eddico, que tiene en el\u00a0Derecho\u00a0su pilar fundamental. As\u00ed mismo, nuestra trayectoria profesional, nos permite integrar el Derecho en dos ejes complementarios entre s\u00ed, como son la\u00a0Consultor\u00eda\u00a0y la\u00a0Formaci\u00f3n. Fruto [&hellip;]<\/p>\n","protected":false},"author":1,"featured_media":7,"parent":0,"menu_order":0,"comment_status":"closed","ping_status":"closed","template":"elementor_canvas","meta":{"footnotes":""},"class_list":["post-3","page","type-page","status-publish","has-post-thumbnail","hentry"],"yoast_head":"<!-- This site is optimized with the Yoast SEO plugin v27.5 - https:\/\/yoast.com\/product\/yoast-seo-wordpress\/ -->\n<title>Inicio - Alluitz Abokatuak<\/title>\n<meta name=\"robots\" content=\"index, follow, max-snippet:-1, max-image-preview:large, max-video-preview:-1\" \/>\n<link rel=\"canonical\" href=\"https:\/\/alluitzabogados.com\/eu\/\" \/>\n<meta property=\"og:locale\" content=\"en_US\" \/>\n<meta property=\"og:type\" content=\"article\" \/>\n<meta property=\"og:title\" content=\"Inicio - Alluitz Abokatuak\" \/>\n<meta property=\"og:description\" content=\"Alluitz Abokatuak Servicios Jur\u00eddicos Sobre nosotros Un gran equipo y una cultura ganadora Alluitz Abogados, es un despacho multidisciplinar, que nace con la iniciativa emprendedora de car\u00e1cter jur\u00eddico, que tiene en el\u00a0Derecho\u00a0su pilar fundamental. As\u00ed mismo, nuestra trayectoria profesional, nos permite integrar el Derecho en dos ejes complementarios entre s\u00ed, como son la\u00a0Consultor\u00eda\u00a0y la\u00a0Formaci\u00f3n. Fruto [&hellip;]\" \/>\n<meta property=\"og:url\" content=\"https:\/\/alluitzabogados.com\/eu\/\" \/>\n<meta property=\"og:site_name\" content=\"Alluitz Abokatuak\" \/>\n<meta property=\"article:modified_time\" content=\"2023-12-12T11:47:37+00:00\" \/>\n<meta property=\"og:image\" content=\"https:\/\/alluitzabogados.com\/wp-content\/uploads\/2023\/11\/Captura-de-pantalla-2015-04-24-a-las-14.06.06-Raul-Hernandez.png\" \/>\n\t<meta property=\"og:image:width\" content=\"1629\" \/>\n\t<meta property=\"og:image:height\" content=\"468\" \/>\n\t<meta property=\"og:image:type\" content=\"image\/png\" \/>\n<meta name=\"twitter:card\" content=\"summary_large_image\" \/>\n<meta name=\"twitter:label1\" content=\"Est. reading time\" \/>\n\t<meta name=\"twitter:data1\" content=\"1 minutua\" \/>\n<script type=\"application\/ld+json\" class=\"yoast-schema-graph\">{\"@context\":\"https:\\\/\\\/schema.org\",\"@graph\":[{\"@type\":\"WebPage\",\"@id\":\"https:\\\/\\\/alluitzabogados.com\\\/\",\"url\":\"https:\\\/\\\/alluitzabogados.com\\\/\",\"name\":\"Inicio - Alluitz Abokatuak\",\"isPartOf\":{\"@id\":\"https:\\\/\\\/alluitzabogados.com\\\/#website\"},\"primaryImageOfPage\":{\"@id\":\"https:\\\/\\\/alluitzabogados.com\\\/#primaryimage\"},\"image\":{\"@id\":\"https:\\\/\\\/alluitzabogados.com\\\/#primaryimage\"},\"thumbnailUrl\":\"https:\\\/\\\/alluitzabogados.com\\\/wp-content\\\/uploads\\\/2023\\\/11\\\/Captura-de-pantalla-2015-04-24-a-las-14.06.06-Raul-Hernandez.png\",\"datePublished\":\"2023-11-21T11:31:20+00:00\",\"dateModified\":\"2023-12-12T11:47:37+00:00\",\"breadcrumb\":{\"@id\":\"https:\\\/\\\/alluitzabogados.com\\\/#breadcrumb\"},\"inLanguage\":\"eu\",\"potentialAction\":[{\"@type\":\"ReadAction\",\"target\":[\"https:\\\/\\\/alluitzabogados.com\\\/\"]}]},{\"@type\":\"ImageObject\",\"inLanguage\":\"eu\",\"@id\":\"https:\\\/\\\/alluitzabogados.com\\\/#primaryimage\",\"url\":\"https:\\\/\\\/alluitzabogados.com\\\/wp-content\\\/uploads\\\/2023\\\/11\\\/Captura-de-pantalla-2015-04-24-a-las-14.06.06-Raul-Hernandez.png\",\"contentUrl\":\"https:\\\/\\\/alluitzabogados.com\\\/wp-content\\\/uploads\\\/2023\\\/11\\\/Captura-de-pantalla-2015-04-24-a-las-14.06.06-Raul-Hernandez.png\",\"width\":1629,\"height\":468},{\"@type\":\"BreadcrumbList\",\"@id\":\"https:\\\/\\\/alluitzabogados.com\\\/#breadcrumb\",\"itemListElement\":[{\"@type\":\"ListItem\",\"position\":1,\"name\":\"Portada\",\"item\":\"https:\\\/\\\/alluitzabogados.com\\\/\"},{\"@type\":\"ListItem\",\"position\":2,\"name\":\"Inicio\"}]},{\"@type\":\"WebSite\",\"@id\":\"https:\\\/\\\/alluitzabogados.com\\\/#website\",\"url\":\"https:\\\/\\\/alluitzabogados.com\\\/\",\"name\":\"Alluitz Abokatuak\",\"description\":\"\",\"publisher\":{\"@id\":\"https:\\\/\\\/alluitzabogados.com\\\/#organization\"},\"potentialAction\":[{\"@type\":\"SearchAction\",\"target\":{\"@type\":\"EntryPoint\",\"urlTemplate\":\"https:\\\/\\\/alluitzabogados.com\\\/?s={search_term_string}\"},\"query-input\":{\"@type\":\"PropertyValueSpecification\",\"valueRequired\":true,\"valueName\":\"search_term_string\"}}],\"inLanguage\":\"eu\"},{\"@type\":\"Organization\",\"@id\":\"https:\\\/\\\/alluitzabogados.com\\\/#organization\",\"name\":\"Alluitz Abokatuak\",\"url\":\"https:\\\/\\\/alluitzabogados.com\\\/\",\"logo\":{\"@type\":\"ImageObject\",\"inLanguage\":\"eu\",\"@id\":\"https:\\\/\\\/alluitzabogados.com\\\/#\\\/schema\\\/logo\\\/image\\\/\",\"url\":\"https:\\\/\\\/alluitzabogados.com\\\/wp-content\\\/uploads\\\/2023\\\/11\\\/Captura-de-pantalla-2015-04-24-a-las-14.06.06-Raul-Hernandez.png\",\"contentUrl\":\"https:\\\/\\\/alluitzabogados.com\\\/wp-content\\\/uploads\\\/2023\\\/11\\\/Captura-de-pantalla-2015-04-24-a-las-14.06.06-Raul-Hernandez.png\",\"width\":1629,\"height\":468,\"caption\":\"Alluitz Abokatuak\"},\"image\":{\"@id\":\"https:\\\/\\\/alluitzabogados.com\\\/#\\\/schema\\\/logo\\\/image\\\/\"}}]}<\/script>\n<!-- \/ Yoast SEO plugin. -->","yoast_head_json":{"title":"Inicio - Alluitz Abokatuak","robots":{"index":"index","follow":"follow","max-snippet":"max-snippet:-1","max-image-preview":"max-image-preview:large","max-video-preview":"max-video-preview:-1"},"canonical":"https:\/\/alluitzabogados.com\/eu\/","og_locale":"en_US","og_type":"article","og_title":"Inicio - Alluitz Abokatuak","og_description":"Alluitz Abokatuak Servicios Jur\u00eddicos Sobre nosotros Un gran equipo y una cultura ganadora Alluitz Abogados, es un despacho multidisciplinar, que nace con la iniciativa emprendedora de car\u00e1cter jur\u00eddico, que tiene en el\u00a0Derecho\u00a0su pilar fundamental. As\u00ed mismo, nuestra trayectoria profesional, nos permite integrar el Derecho en dos ejes complementarios entre s\u00ed, como son la\u00a0Consultor\u00eda\u00a0y la\u00a0Formaci\u00f3n. Fruto [&hellip;]","og_url":"https:\/\/alluitzabogados.com\/eu\/","og_site_name":"Alluitz Abokatuak","article_modified_time":"2023-12-12T11:47:37+00:00","og_image":[{"width":1629,"height":468,"url":"https:\/\/alluitzabogados.com\/wp-content\/uploads\/2023\/11\/Captura-de-pantalla-2015-04-24-a-las-14.06.06-Raul-Hernandez.png","type":"image\/png"}],"twitter_card":"summary_large_image","twitter_misc":{"Est. reading time":"1 minutua"},"schema":{"@context":"https:\/\/schema.org","@graph":[{"@type":"WebPage","@id":"https:\/\/alluitzabogados.com\/","url":"https:\/\/alluitzabogados.com\/","name":"Inicio - Alluitz Abokatuak","isPartOf":{"@id":"https:\/\/alluitzabogados.com\/#website"},"primaryImageOfPage":{"@id":"https:\/\/alluitzabogados.com\/#primaryimage"},"image":{"@id":"https:\/\/alluitzabogados.com\/#primaryimage"},"thumbnailUrl":"https:\/\/alluitzabogados.com\/wp-content\/uploads\/2023\/11\/Captura-de-pantalla-2015-04-24-a-las-14.06.06-Raul-Hernandez.png","datePublished":"2023-11-21T11:31:20+00:00","dateModified":"2023-12-12T11:47:37+00:00","breadcrumb":{"@id":"https:\/\/alluitzabogados.com\/#breadcrumb"},"inLanguage":"eu","potentialAction":[{"@type":"ReadAction","target":["https:\/\/alluitzabogados.com\/"]}]},{"@type":"ImageObject","inLanguage":"eu","@id":"https:\/\/alluitzabogados.com\/#primaryimage","url":"https:\/\/alluitzabogados.com\/wp-content\/uploads\/2023\/11\/Captura-de-pantalla-2015-04-24-a-las-14.06.06-Raul-Hernandez.png","contentUrl":"https:\/\/alluitzabogados.com\/wp-content\/uploads\/2023\/11\/Captura-de-pantalla-2015-04-24-a-las-14.06.06-Raul-Hernandez.png","width":1629,"height":468},{"@type":"BreadcrumbList","@id":"https:\/\/alluitzabogados.com\/#breadcrumb","itemListElement":[{"@type":"ListItem","position":1,"name":"Portada","item":"https:\/\/alluitzabogados.com\/"},{"@type":"ListItem","position":2,"name":"Inicio"}]},{"@type":"WebSite","@id":"https:\/\/alluitzabogados.com\/#website","url":"https:\/\/alluitzabogados.com\/","name":"Alluitz Abokatuak","description":"","publisher":{"@id":"https:\/\/alluitzabogados.com\/#organization"},"potentialAction":[{"@type":"SearchAction","target":{"@type":"EntryPoint","urlTemplate":"https:\/\/alluitzabogados.com\/?s={search_term_string}"},"query-input":{"@type":"PropertyValueSpecification","valueRequired":true,"valueName":"search_term_string"}}],"inLanguage":"eu"},{"@type":"Organization","@id":"https:\/\/alluitzabogados.com\/#organization","name":"Alluitz Abokatuak","url":"https:\/\/alluitzabogados.com\/","logo":{"@type":"ImageObject","inLanguage":"eu","@id":"https:\/\/alluitzabogados.com\/#\/schema\/logo\/image\/","url":"https:\/\/alluitzabogados.com\/wp-content\/uploads\/2023\/11\/Captura-de-pantalla-2015-04-24-a-las-14.06.06-Raul-Hernandez.png","contentUrl":"https:\/\/alluitzabogados.com\/wp-content\/uploads\/2023\/11\/Captura-de-pantalla-2015-04-24-a-las-14.06.06-Raul-Hernandez.png","width":1629,"height":468,"caption":"Alluitz Abokatuak"},"image":{"@id":"https:\/\/alluitzabogados.com\/#\/schema\/logo\/image\/"}}]}},"_links":{"self":[{"href":"https:\/\/alluitzabogados.com\/eu\/wp-json\/wp\/v2\/pages\/3","targetHints":{"allow":["GET"]}}],"collection":[{"href":"https:\/\/alluitzabogados.com\/eu\/wp-json\/wp\/v2\/pages"}],"about":[{"href":"https:\/\/alluitzabogados.com\/eu\/wp-json\/wp\/v2\/types\/page"}],"author":[{"embeddable":true,"href":"https:\/\/alluitzabogados.com\/eu\/wp-json\/wp\/v2\/users\/1"}],"replies":[{"embeddable":true,"href":"https:\/\/alluitzabogados.com\/eu\/wp-json\/wp\/v2\/comments?post=3"}],"version-history":[{"count":172,"href":"https:\/\/alluitzabogados.com\/eu\/wp-json\/wp\/v2\/pages\/3\/revisions"}],"predecessor-version":[{"id":980,"href":"https:\/\/alluitzabogados.com\/eu\/wp-json\/wp\/v2\/pages\/3\/revisions\/980"}],"wp:featuredmedia":[{"embeddable":true,"href":"https:\/\/alluitzabogados.com\/eu\/wp-json\/wp\/v2\/media\/7"}],"wp:attachment":[{"href":"https:\/\/alluitzabogados.com\/eu\/wp-json\/wp\/v2\/media?parent=3"}],"curies":[{"name":"wp","href":"https:\/\/api.w.org\/{rel}","templated":true}]}}